{"id":574,"date":"2020-08-26T05:38:59","date_gmt":"2020-08-26T05:38:59","guid":{"rendered":"http:\/\/july.commonsupport.com\/electman\/?page_id=574"},"modified":"2023-11-28T19:22:34","modified_gmt":"2023-11-28T17:22:34","slug":"contactar-instalaciones-electricas-instrpales-comerciales","status":"publish","type":"page","link":"https:\/\/indeapindustrial.com\/index.php\/contactar-instalaciones-electricas-instrpales-comerciales\/","title":{"rendered":"Contacto"},"content":{"rendered":"\t\t<div data-elementor-type=\"wp-page\" data-elementor-id=\"574\" class=\"elementor elementor-574\">\n\t\t\t\t\t\t\t\t\t<section class=\"elementor-section elementor-top-section elementor-element elementor-element-d22f189 elementor-section-stretched elementor-section-full_width elementor-section-height-default elementor-section-height-default\" data-id=\"d22f189\" data-element_type=\"section\" data-settings=\"{&quot;stretch_section&quot;:&quot;section-stretched&quot;}\">\n\t\t\t\t\t\t<div class=\"elementor-container elementor-column-gap-no\">\n\t\t\t\t\t<div class=\"elementor-column elementor-col-100 elementor-top-column elementor-element elementor-element-cc7415e\" data-id=\"cc7415e\" data-element_type=\"column\">\n\t\t\t<div class=\"elementor-widget-wrap elementor-element-populated\">\n\t\t\t\t\t\t\t\t<div class=\"elementor-element elementor-element-6c8c08e elementor-widget elementor-widget-electman_contact_info3\" data-id=\"6c8c08e\" data-element_type=\"widget\" data-widget_type=\"electman_contact_info3.default\">\n\t\t\t\t<div class=\"elementor-widget-container\">\n\t\t\t\n\t\t<!-- Contact Info -->\n\t\t<section class=\" contact-info-section3\">\n\t\t\t<div class=\"auto-container\">\n\t\t\t\t<div class=\"row\">\n\t\t\t\t\t\t\t\t\t\t<!-- Contact Info Block -->\n\t\t\t\t\t<div class=\"contact-info-block col-lg-4\">\n\t\t\t\t\t\t<div class=\"inner-box wow fadeInUp\" data-wow-delay=\"300ms\">\n\t\t\t\t\t\t\t<h5>Direccion<\/h5>\n\t\t\t\t\t\t\t<div class=\"icon-box\"><span class=\"fa fa-map-marked-alt\"><\/span><\/div>\n\t\t\t\t\t\t\t<h4>Nuestras Oficinas<\/h4>\n\t\t\t\t\t\t\t<div class=\"text\"><\/div>\n\t\t\t\t\t\t\t<!-- Overlay -->\n\t\t\t\t\t\t\t<div class=\"overlay\">\n\t\t\t\t\t\t\t\t<div class=\"top-content\">\n\t\t\t\t\t\t\t\t\t<h4>Nuestras Oficinas<\/h4>\n\t\t\t\t\t\t\t\t\t<div class=\"text\"><\/div>\n\t\t\t\t\t\t\t\t<\/div>                                \n\t\t\t\t\t\t\t\t<div class=\"bottom-content\">\n\t\t\t\t\t\t\t\t\t<ul>\n\t\t\t\t\t\t\t\t\t\t\t\t\t\t\t\t\t\t\t\t\t\t\t\t\t\t\t\t\t\t<li><a href=\"#\">Paseo de la Rivera N\u00ba 4, 50015 Zaragoza<\/a><\/li>\t\t\t\t\t\t\t\t\t\t\t\t\t\t\t\t\t\t\t\t                                  \t\t\t\t\t\t\t\t\t\t\t\t\t\t\t\t\t\t\t<\/ul>\n\t\t\t\t\t\t\t\t\t<div class=\"link-btn\"><a href=\"https:\/\/goo.gl\/maps\/XRfogrTgU1iTrbtTA\" class=\"theme-btn\">Local\u00edcenos en el mapa<\/a><\/div>\n\t\t\t\t\t\t\t\t<\/div>                                \n\t\t\t\t\t\t\t<\/div>\n\t\t\t\t\t\t<\/div>\n\t\t\t\t\t<\/div>\n\t\t\t\t\t\t\t\t\t\t<!-- Contact Info Block -->\n\t\t\t\t\t<div class=\"contact-info-block col-lg-4\">\n\t\t\t\t\t\t<div class=\"inner-box wow fadeInUp\" data-wow-delay=\"300ms\">\n\t\t\t\t\t\t\t<h5>Tel\u00e9fono &amp; Email<\/h5>\n\t\t\t\t\t\t\t<div class=\"icon-box\"><span class=\"fa fa-phone\"><\/span><\/div>\n\t\t\t\t\t\t\t<h4>Contacta con nosotros<\/h4>\n\t\t\t\t\t\t\t<div class=\"text\"><\/div>\n\t\t\t\t\t\t\t<!-- Overlay -->\n\t\t\t\t\t\t\t<div class=\"overlay\">\n\t\t\t\t\t\t\t\t<div class=\"top-content\">\n\t\t\t\t\t\t\t\t\t<h4>Contacta con nosotros<\/h4>\n\t\t\t\t\t\t\t\t\t<div class=\"text\"><\/div>\n\t\t\t\t\t\t\t\t<\/div>                                \n\t\t\t\t\t\t\t\t<div class=\"bottom-content\">\n\t\t\t\t\t\t\t\t\t<ul>\n\t\t\t\t\t\t\t\t\t\t\t\t\t\t\t\t\t\t\t\t\t\t\t\t\t\t\t\t\t\t<li>Tel\u00e9fono: +34 601264014<\/li>\t\t\t\t\t\t\t\t\t\t\t\t\t\t\t\t\t\t\t\t<li><a href=\"#\">\t\t\t\t\t\t\t\t\t\t\t\t\t\t\t\t\t\t\t<\/ul>\n\t\t\t\t\t\t\t\t\t<div class=\"link-btn\"><a href=\"#\" class=\"theme-btn\"><\/a><\/div>\n\t\t\t\t\t\t\t\t<\/div>                                \n\t\t\t\t\t\t\t<\/div>\n\t\t\t\t\t\t<\/div>\n\t\t\t\t\t<\/div>\n\t\t\t\t\t\t\t\t\t\t<!-- Contact Info Block -->\n\t\t\t\t\t<div class=\"contact-info-block col-lg-4\">\n\t\t\t\t\t\t<div class=\"inner-box wow fadeInUp\" data-wow-delay=\"300ms\">\n\t\t\t\t\t\t\t<h5>email<\/h5>\n\t\t\t\t\t\t\t<div class=\"icon-box\"><span class=\"fa fa-mail-bulk\"><\/span><\/div>\n\t\t\t\t\t\t\t<h4><\/h4>\n\t\t\t\t\t\t\t<div class=\"text\">ENV\u00cdANOS UN EMAL<\/div>\n\t\t\t\t\t\t\t<!-- Overlay -->\n\t\t\t\t\t\t\t<div class=\"overlay\">\n\t\t\t\t\t\t\t\t<div class=\"top-content\">\n\t\t\t\t\t\t\t\t\t<h4><\/h4>\n\t\t\t\t\t\t\t\t\t<div class=\"text\">ENV\u00cdANOS UN EMAL<\/div>\n\t\t\t\t\t\t\t\t<\/div>                                \n\t\t\t\t\t\t\t\t<div class=\"bottom-content\">\n\t\t\t\t\t\t\t\t\t<ul>\n\t\t\t\t\t\t\t\t\t\t\t\t\t\t\t\t\t\t\t\t\t\t\t\t\t\t\t\t\t\t<li>email: Email: administracion@indeapindustrial.com<\/li>\t\t\t\t\t\t\t\t\t\t\t\t\t\t\t\t\t\t\t\t<li><a href=\"#\">\t\t\t\t\t\t\t\t\t\t\t\t\t\t\t\t\t\t\t<\/ul>\n\t\t\t\t\t\t\t\t\t<div class=\"link-btn\"><a href=\"\" class=\"theme-btn\"><\/a><\/div>\n\t\t\t\t\t\t\t\t<\/div>                                \n\t\t\t\t\t\t\t<\/div>\n\t\t\t\t\t\t<\/div>\n\t\t\t\t\t<\/div>\n\t\t\t\t\t\t\t\t\t<\/div>\n\t\t\t<\/div>\n\t\t<\/section>\n            \n\t\t\t\t<\/div>\n\t\t\t\t<\/div>\n\t\t\t\t<div class=\"elementor-element elementor-element-be2d10a elementor-widget elementor-widget-google_maps\" data-id=\"be2d10a\" data-element_type=\"widget\" data-widget_type=\"google_maps.default\">\n\t\t\t\t<div class=\"elementor-widget-container\">\n\t\t\t<style>\/*! elementor - v3.14.0 - 18-06-2023 *\/\n.elementor-widget-google_maps .elementor-widget-container{overflow:hidden}.elementor-widget-google_maps .elementor-custom-embed{line-height:0}.elementor-widget-google_maps iframe{height:300px}<\/style>\t\t<div class=\"elementor-custom-embed\">\n\t\t\t<iframe loading=\"lazy\"\n\t\t\t\t\tsrc=\"https:\/\/maps.google.com\/maps?q=paseo%20de%20la%20Rivera%204%2C%20zaragoza&#038;t=m&#038;z=16&#038;output=embed&#038;iwloc=near\"\n\t\t\t\t\ttitle=\"paseo de la Rivera 4, zaragoza\"\n\t\t\t\t\taria-label=\"paseo de la Rivera 4, zaragoza\"\n\t\t\t><\/iframe>\n\t\t<\/div>\n\t\t\t\t<\/div>\n\t\t\t\t<\/div>\n\t\t\t\t\t<\/div>\n\t\t<\/div>\n\t\t\t\t\t\t\t<\/div>\n\t\t<\/section>\n\t\t\t\t<section class=\"elementor-section elementor-top-section elementor-element elementor-element-14fb5e83 elementor-section-stretched elementor-section-full_width elementor-section-height-default elementor-section-height-default\" data-id=\"14fb5e83\" data-element_type=\"section\" data-settings=\"{&quot;stretch_section&quot;:&quot;section-stretched&quot;,&quot;background_background&quot;:&quot;classic&quot;}\">\n\t\t\t\t\t\t<div class=\"elementor-container elementor-column-gap-no\">\n\t\t\t\t\t<div class=\"elementor-column elementor-col-100 elementor-top-column elementor-element elementor-element-50cd86aa\" data-id=\"50cd86aa\" data-element_type=\"column\">\n\t\t\t<div class=\"elementor-widget-wrap\">\n\t\t\t\t\t\t\t\t\t<\/div>\n\t\t<\/div>\n\t\t\t\t\t\t\t<\/div>\n\t\t<\/section>\n\t\t\t\t\t\t\t<\/div>\n\t\t","protected":false},"excerpt":{"rendered":"<p>Direccion Nuestras Oficinas Nuestras Oficinas Paseo de la Rivera N\u00ba 4, 50015 Zaragoza Local\u00edcenos en el mapa Tel\u00e9fono &amp; Email Contacta con nosotros Contacta con nosotros Tel\u00e9fono: +34 601264014 email ENV\u00cdANOS UN EMAL ENV\u00cdANOS UN EMAL email: Email: administracion@indeapindustrial.com<\/p>\n","protected":false},"author":1,"featured_media":0,"parent":0,"menu_order":0,"comment_status":"closed","ping_status":"closed","template":"tpl-default-elementor.php","meta":[],"yoast_head":"<!-- This site is optimized with the Yoast SEO plugin v20.9 - https:\/\/yoast.com\/wordpress\/plugins\/seo\/ -->\n<title>No dude en contactar con nosotros, para cualquier cuesti\u00f3n<\/title>\n<meta name=\"description\" content=\"Contacta con nosotros para solicitar un presupuesto para cualquier tipo de instalaci\u00f3n industrial, comercial o dom\u00e9stica.\" \/>\n<meta name=\"robots\" content=\"index, follow, max-snippet:-1, max-image-preview:large, max-video-preview:-1\" \/>\n<link rel=\"canonical\" href=\"https:\/\/indeapindustrial.com\/index.php\/contactar-instalaciones-electricas-instrpales-comerciales\/\" \/>\n<meta property=\"og:locale\" content=\"es_ES\" \/>\n<meta property=\"og:type\" content=\"article\" \/>\n<meta property=\"og:title\" content=\"No dude en contactar con nosotros, para cualquier cuesti\u00f3n\" \/>\n<meta property=\"og:description\" content=\"Contacta con nosotros para solicitar un presupuesto para cualquier tipo de instalaci\u00f3n industrial, comercial o dom\u00e9stica.\" \/>\n<meta property=\"og:url\" content=\"https:\/\/indeapindustrial.com\/index.php\/contactar-instalaciones-electricas-instrpales-comerciales\/\" \/>\n<meta property=\"og:site_name\" content=\"Indeap\" \/>\n<meta property=\"article:modified_time\" content=\"2023-11-28T17:22:34+00:00\" \/>\n<meta property=\"og:image\" content=\"https:\/\/indeapindustrial.com\/wp-content\/uploads\/2023\/05\/indeap.png\" \/>\n\t<meta property=\"og:image:width\" content=\"305\" \/>\n\t<meta property=\"og:image:height\" content=\"68\" \/>\n\t<meta property=\"og:image:type\" content=\"image\/png\" \/>\n<meta name=\"twitter:card\" content=\"summary_large_image\" \/>\n<meta name=\"twitter:label1\" content=\"Tiempo de lectura\" \/>\n\t<meta name=\"twitter:data1\" content=\"1 minuto\" \/>\n<script type=\"application\/ld+json\" class=\"yoast-schema-graph\">{\"@context\":\"https:\/\/schema.org\",\"@graph\":[{\"@type\":\"WebPage\",\"@id\":\"https:\/\/indeapindustrial.com\/index.php\/contactar-instalaciones-electricas-instrpales-comerciales\/\",\"url\":\"https:\/\/indeapindustrial.com\/index.php\/contactar-instalaciones-electricas-instrpales-comerciales\/\",\"name\":\"No dude en contactar con nosotros, para cualquier cuesti\u00f3n\",\"isPartOf\":{\"@id\":\"https:\/\/indeapindustrial.com\/#website\"},\"datePublished\":\"2020-08-26T05:38:59+00:00\",\"dateModified\":\"2023-11-28T17:22:34+00:00\",\"description\":\"Contacta con nosotros para solicitar un presupuesto para cualquier tipo de instalaci\u00f3n industrial, comercial o dom\u00e9stica.\",\"breadcrumb\":{\"@id\":\"https:\/\/indeapindustrial.com\/index.php\/contactar-instalaciones-electricas-instrpales-comerciales\/#breadcrumb\"},\"inLanguage\":\"es\",\"potentialAction\":[{\"@type\":\"ReadAction\",\"target\":[\"https:\/\/indeapindustrial.com\/index.php\/contactar-instalaciones-electricas-instrpales-comerciales\/\"]}]},{\"@type\":\"BreadcrumbList\",\"@id\":\"https:\/\/indeapindustrial.com\/index.php\/contactar-instalaciones-electricas-instrpales-comerciales\/#breadcrumb\",\"itemListElement\":[{\"@type\":\"ListItem\",\"position\":1,\"name\":\"Portada\",\"item\":\"https:\/\/indeapindustrial.com\/\"},{\"@type\":\"ListItem\",\"position\":2,\"name\":\"Contacto\"}]},{\"@type\":\"WebSite\",\"@id\":\"https:\/\/indeapindustrial.com\/#website\",\"url\":\"https:\/\/indeapindustrial.com\/\",\"name\":\"Indeapindustrial\",\"description\":\"Especialista Instalaciones El\u00e9ctricas\",\"publisher\":{\"@id\":\"https:\/\/indeapindustrial.com\/#organization\"},\"alternateName\":\"indeap\",\"potentialAction\":[{\"@type\":\"SearchAction\",\"target\":{\"@type\":\"EntryPoint\",\"urlTemplate\":\"https:\/\/indeapindustrial.com\/?s={search_term_string}\"},\"query-input\":\"required name=search_term_string\"}],\"inLanguage\":\"es\"},{\"@type\":\"Organization\",\"@id\":\"https:\/\/indeapindustrial.com\/#organization\",\"name\":\"Indeapindustrial\",\"url\":\"https:\/\/indeapindustrial.com\/\",\"logo\":{\"@type\":\"ImageObject\",\"inLanguage\":\"es\",\"@id\":\"https:\/\/indeapindustrial.com\/#\/schema\/logo\/image\/\",\"url\":\"https:\/\/indeapindustrial.com\/wp-content\/uploads\/2023\/05\/cropped-indeap.png\",\"contentUrl\":\"https:\/\/indeapindustrial.com\/wp-content\/uploads\/2023\/05\/cropped-indeap.png\",\"width\":683,\"height\":250,\"caption\":\"Indeapindustrial\"},\"image\":{\"@id\":\"https:\/\/indeapindustrial.com\/#\/schema\/logo\/image\/\"}}]}<\/script>\n<!-- \/ Yoast SEO plugin. -->","yoast_head_json":{"title":"No dude en contactar con nosotros, para cualquier cuesti\u00f3n","description":"Contacta con nosotros para solicitar un presupuesto para cualquier tipo de instalaci\u00f3n industrial, comercial o dom\u00e9stica.","robots":{"index":"index","follow":"follow","max-snippet":"max-snippet:-1","max-image-preview":"max-image-preview:large","max-video-preview":"max-video-preview:-1"},"canonical":"https:\/\/indeapindustrial.com\/index.php\/contactar-instalaciones-electricas-instrpales-comerciales\/","og_locale":"es_ES","og_type":"article","og_title":"No dude en contactar con nosotros, para cualquier cuesti\u00f3n","og_description":"Contacta con nosotros para solicitar un presupuesto para cualquier tipo de instalaci\u00f3n industrial, comercial o dom\u00e9stica.","og_url":"https:\/\/indeapindustrial.com\/index.php\/contactar-instalaciones-electricas-instrpales-comerciales\/","og_site_name":"Indeap","article_modified_time":"2023-11-28T17:22:34+00:00","og_image":[{"width":305,"height":68,"url":"https:\/\/indeapindustrial.com\/wp-content\/uploads\/2023\/05\/indeap.png","type":"image\/png"}],"twitter_card":"summary_large_image","twitter_misc":{"Tiempo de lectura":"1 minuto"},"schema":{"@context":"https:\/\/schema.org","@graph":[{"@type":"WebPage","@id":"https:\/\/indeapindustrial.com\/index.php\/contactar-instalaciones-electricas-instrpales-comerciales\/","url":"https:\/\/indeapindustrial.com\/index.php\/contactar-instalaciones-electricas-instrpales-comerciales\/","name":"No dude en contactar con nosotros, para cualquier cuesti\u00f3n","isPartOf":{"@id":"https:\/\/indeapindustrial.com\/#website"},"datePublished":"2020-08-26T05:38:59+00:00","dateModified":"2023-11-28T17:22:34+00:00","description":"Contacta con nosotros para solicitar un presupuesto para cualquier tipo de instalaci\u00f3n industrial, comercial o dom\u00e9stica.","breadcrumb":{"@id":"https:\/\/indeapindustrial.com\/index.php\/contactar-instalaciones-electricas-instrpales-comerciales\/#breadcrumb"},"inLanguage":"es","potentialAction":[{"@type":"ReadAction","target":["https:\/\/indeapindustrial.com\/index.php\/contactar-instalaciones-electricas-instrpales-comerciales\/"]}]},{"@type":"BreadcrumbList","@id":"https:\/\/indeapindustrial.com\/index.php\/contactar-instalaciones-electricas-instrpales-comerciales\/#breadcrumb","itemListElement":[{"@type":"ListItem","position":1,"name":"Portada","item":"https:\/\/indeapindustrial.com\/"},{"@type":"ListItem","position":2,"name":"Contacto"}]},{"@type":"WebSite","@id":"https:\/\/indeapindustrial.com\/#website","url":"https:\/\/indeapindustrial.com\/","name":"Indeapindustrial","description":"Especialista Instalaciones El\u00e9ctricas","publisher":{"@id":"https:\/\/indeapindustrial.com\/#organization"},"alternateName":"indeap","potentialAction":[{"@type":"SearchAction","target":{"@type":"EntryPoint","urlTemplate":"https:\/\/indeapindustrial.com\/?s={search_term_string}"},"query-input":"required name=search_term_string"}],"inLanguage":"es"},{"@type":"Organization","@id":"https:\/\/indeapindustrial.com\/#organization","name":"Indeapindustrial","url":"https:\/\/indeapindustrial.com\/","logo":{"@type":"ImageObject","inLanguage":"es","@id":"https:\/\/indeapindustrial.com\/#\/schema\/logo\/image\/","url":"https:\/\/indeapindustrial.com\/wp-content\/uploads\/2023\/05\/cropped-indeap.png","contentUrl":"https:\/\/indeapindustrial.com\/wp-content\/uploads\/2023\/05\/cropped-indeap.png","width":683,"height":250,"caption":"Indeapindustrial"},"image":{"@id":"https:\/\/indeapindustrial.com\/#\/schema\/logo\/image\/"}}]}},"_links":{"self":[{"href":"https:\/\/indeapindustrial.com\/index.php\/wp-json\/wp\/v2\/pages\/574"}],"collection":[{"href":"https:\/\/indeapindustrial.com\/index.php\/wp-json\/wp\/v2\/pages"}],"about":[{"href":"https:\/\/indeapindustrial.com\/index.php\/wp-json\/wp\/v2\/types\/page"}],"author":[{"embeddable":true,"href":"https:\/\/indeapindustrial.com\/index.php\/wp-json\/wp\/v2\/users\/1"}],"replies":[{"embeddable":true,"href":"https:\/\/indeapindustrial.com\/index.php\/wp-json\/wp\/v2\/comments?post=574"}],"version-history":[{"count":54,"href":"https:\/\/indeapindustrial.com\/index.php\/wp-json\/wp\/v2\/pages\/574\/revisions"}],"predecessor-version":[{"id":3520,"href":"https:\/\/indeapindustrial.com\/index.php\/wp-json\/wp\/v2\/pages\/574\/revisions\/3520"}],"wp:attachment":[{"href":"https:\/\/indeapindustrial.com\/index.php\/wp-json\/wp\/v2\/media?parent=574"}],"curies":[{"name":"wp","href":"https:\/\/api.w.org\/{rel}","templated":true}]}}