{"id":3348,"date":"2023-06-20T17:16:30","date_gmt":"2023-06-20T15:16:30","guid":{"rendered":"https:\/\/indeapindustrial.com\/?page_id=3348"},"modified":"2023-06-27T11:04:52","modified_gmt":"2023-06-27T09:04:52","slug":"reembolso_devoluciones","status":"publish","type":"page","link":"https:\/\/indeapindustrial.com\/index.php\/reembolso_devoluciones\/","title":{"rendered":"Pol\u00edtica de Privacidad"},"content":{"rendered":"\t\t<div data-elementor-type=\"wp-page\" data-elementor-id=\"3348\" class=\"elementor elementor-3348\">\n\t\t\t\t\t\t\t\t\t<section class=\"elementor-section elementor-top-section elementor-element elementor-element-75f76727 elementor-section-boxed elementor-section-height-default elementor-section-height-default\" data-id=\"75f76727\" data-element_type=\"section\">\n\t\t\t\t\t\t<div class=\"elementor-container elementor-column-gap-default\">\n\t\t\t\t\t<div class=\"elementor-column elementor-col-100 elementor-top-column elementor-element elementor-element-5a16cdfb\" data-id=\"5a16cdfb\" data-element_type=\"column\">\n\t\t\t<div class=\"elementor-widget-wrap elementor-element-populated\">\n\t\t\t\t\t\t\t\t<div class=\"elementor-element elementor-element-3651b46f elementor-widget elementor-widget-text-editor\" data-id=\"3651b46f\" data-element_type=\"widget\" data-widget_type=\"text-editor.default\">\n\t\t\t\t<div class=\"elementor-widget-container\">\n\t\t\t<style>\/*! elementor - v3.14.0 - 18-06-2023 *\/\n.elementor-widget-text-editor.elementor-drop-cap-view-stacked .elementor-drop-cap{background-color:#69727d;color:#fff}.elementor-widget-text-editor.elementor-drop-cap-view-framed .elementor-drop-cap{color:#69727d;border:3px solid;background-color:transparent}.elementor-widget-text-editor:not(.elementor-drop-cap-view-default) .elementor-drop-cap{margin-top:8px}.elementor-widget-text-editor:not(.elementor-drop-cap-view-default) .elementor-drop-cap-letter{width:1em;height:1em}.elementor-widget-text-editor .elementor-drop-cap{float:left;text-align:center;line-height:1;font-size:50px}.elementor-widget-text-editor .elementor-drop-cap-letter{display:inline-block}<\/style>\t\t\t\t<!-- wp:paragraph -->\n<h1 class=\"fusion-responsive-typography-calculated\" data-fontsize=\"56\" data-lineheight=\"72.239998px\">POL\u00cdTICA DE PRIVACIDAD DE ELECTRICIDAD INDEAP S.L.<\/h1>\n<p>En cumplimiento de lo establecido en el Reglamento (UE) 2016\/679 del Parlamento Europeo y del Consejo de 27 de abril de 2016 relativo a la protecci\u00f3n de las personas f\u00edsicas en lo que respecta al tratamiento de datos personales y a la libre circulaci\u00f3n de estos y en la Ley Org\u00e1nica 3\/2018, de 5 de diciembre, de Protecci\u00f3n de Datos Personales y garant\u00eda de los derechos digitales, as\u00ed como en su normativa de desarrollo, les facilitamos informaci\u00f3n ampliada en la presente Pol\u00edtica de Privacidad.<\/p>\n<p><strong>Qui\u00e9n es el responsable del tratamiento de sus datos<\/strong><\/p>\n<ul>\n<li>Identidad: ELECTRICIDAD INDEAP S.L. ( En adelante INDEAP)<\/li>\n<li>Direcci\u00f3n Postal: Paseo de la Ribera N\u00ba 4 Local Dcha (ZARAGOZA)<\/li>\n<li>Tel\u00e9fono: 976 528644<\/li>\n<li>Correo de atenci\u00f3n al cliente <a href=\"mailto:administracion@indeapindustrial.com\">administracion@indeapindustrial.com<\/a><\/li>\n<li>CIF B99352759<\/li>\n<\/ul>\n<p><strong>Con qu\u00e9 finalidad tratamos sus datos personales<\/strong><\/p>\n<p>En INDEAP tratamos la informaci\u00f3n que nos facilitan las personas interesadas con el fin de prestar y\/o comercializar los productos y\/o servicios ofertados por nuestra firma.<\/p>\n<p><strong>Por cu\u00e1nto tiempo conservaremos sus datos<\/strong><\/p>\n<p>Los datos personales proporcionados se conservar\u00e1n por el tiempo imprescindible para la prestaci\u00f3n del servicio solicitado o comercializaci\u00f3n del producto y durante los plazos legalmente establecidos.<\/p>\n<p><strong>Cu\u00e1l es la legitimaci\u00f3n para el tratamiento de sus datos<\/strong><\/p>\n<p>La base legal para el tratamiento de sus datos ser\u00e1, seg\u00fan el caso, el consentimiento del interesado, la ejecuci\u00f3n de un contrato o el inter\u00e9s leg\u00edtimo.<\/p>\n<p><strong>A qu\u00e9 destinatarios se comunicar\u00e1n sus datos<\/strong><\/p>\n<p>Los datos no se comunicar\u00e1n a terceros salvo obligaci\u00f3n legal.<\/p>\n<p><strong>Cu\u00e1les son sus derechos cuando nos facilita sus datos<\/strong><\/p>\n<p>Cualquier persona tiene derecho a obtener informaci\u00f3n sobre si INDEAP estamos tratando datos personales que les conciernan, o no. Las personas interesadas tienen derecho a acceder a sus datos personales, as\u00ed como a solicitar la rectificaci\u00f3n de los datos inexactos o, en su caso, solicitar su supresi\u00f3n cuando, entre otros motivos, los datos ya no sean necesarios para los fines que fueron recogidos.<\/p>\n<p>En determinadas circunstancias, los interesados podr\u00e1n solicitar la limitaci\u00f3n del tratamiento de sus datos, en cuyo caso \u00fanicamente los conservaremos para el ejercicio o la defensa de reclamaciones.<\/p>\n<p>En determinadas circunstancias y por motivos relacionados con su situaci\u00f3n particular, los interesados podr\u00e1n oponerse al tratamiento de sus datos.<\/p>\n<p>En este caso, INDEAP dejar\u00e1 de tratar los datos, salvo por motivos leg\u00edtimos imperiosos, o el ejercicio o la defensa de posibles reclamaciones.<\/p>\n<p>Podr\u00e1 ejercitar materialmente sus derechos enviando un correo electr\u00f3nico a administracion@indeapindustrial.com identific\u00e1ndose debidamente e indicando de forma expresa el concreto derecho que se quiere ejercer.<\/p>\n<p>Si ha otorgado su consentimiento para alguna finalidad concreta, tiene derecho a retirar el consentimiento otorgado en cualquier momento, sin que ello afecte a la licitud del tratamiento basado en el consentimiento previo a su retirada.<\/p>\n<p>En caso de que sienta vulnerados sus derechos en lo concerniente a la protecci\u00f3n de sus datos personales, especialmente cuando no haya obtenido satisfacci\u00f3n en el ejercicio de sus derechos, puede dirigirse al Delegado de Protecci\u00f3n de Datos, si ha sido designado, o presentar una reclamaci\u00f3n ante la Autoridad de Control en materia de Protecci\u00f3n de Datos competente a trav\u00e9s de su sitio web: <a href=\"https:\/\/www.agpd.es\/\">www.agpd.es<\/a><\/p>\n<p><strong>M\u00e1s informaci\u00f3n sobre el tratamiento de sus datos<\/strong><\/p>\n<p>Cuando precisemos obtener informaci\u00f3n por su parte, siempre le solicitaremos que nos la proporcione voluntariamente prestando su consentimiento de forma expresa a trav\u00e9s de los medios habilitados para ello.<\/p>\n<p>El tratamiento de los datos recabados a trav\u00e9s de los formularios de recogida de datos del sitio web u otras v\u00edas, quedar\u00e1 incorporado al Registro de Actividades de Tratamiento del cual es responsable INDEAP.<\/p>\n<p>INDEAP trata los datos de forma confidencial y adopta las medidas t\u00e9cnicas y organizativas apropiadas para garantizar el nivel de seguridad adecuado al tratamiento, en cumplimiento de lo requerido por el Reglamento (UE) 2016\/679 del Parlamento Europeo y del Consejo de 27 de abril de 2016 y dem\u00e1s normativa aplicable en materia de Protecci\u00f3n de Datos.<\/p>\n<p>No obstante, INDEAP no puede garantizar la absoluta invulnerabilidad de los sistemas, por tanto, no asume ninguna responsabilidad por los da\u00f1os y perjuicios derivados de alteraciones que terceros puedan causar en los sistemas inform\u00e1ticos, documentos electr\u00f3nicos o ficheros del usuario.<\/p>\n<p>Si opta por abandonar nuestro sitio web a trav\u00e9s de enlaces a sitios web no pertenecientes a nuestra entidad, INDEAP no se har\u00e1 responsable de las pol\u00edticas de privacidad de dichos sitios web ni de las cookies que \u00e9stos puedan almacenar en el ordenador del usuario.<\/p>\n<!-- \/wp:paragraph -->\t\t\t\t\t\t<\/div>\n\t\t\t\t<\/div>\n\t\t\t\t\t<\/div>\n\t\t<\/div>\n\t\t\t\t\t\t\t<\/div>\n\t\t<\/section>\n\t\t\t\t\t\t\t<\/div>\n\t\t","protected":false},"excerpt":{"rendered":"<p>POL\u00cdTICA DE PRIVACIDAD DE ELECTRICIDAD INDEAP S.L. En cumplimiento de lo establecido en el Reglamento (UE) 2016\/679 del Parlamento Europeo y del Consejo de 27 de abril de 2016 relativo a la protecci\u00f3n de las personas f\u00edsicas en lo que respecta al tratamiento de datos personales y a la libre circulaci\u00f3n de estos y en [&hellip;]<\/p>\n","protected":false},"author":1,"featured_media":0,"parent":0,"menu_order":0,"comment_status":"closed","ping_status":"closed","template":"","meta":[],"yoast_head":"<!-- This site is optimized with the Yoast SEO plugin v20.9 - https:\/\/yoast.com\/wordpress\/plugins\/seo\/ -->\n<title>Pol\u00edtica de Privacidad - Indeap<\/title>\n<meta name=\"robots\" content=\"index, follow, max-snippet:-1, max-image-preview:large, max-video-preview:-1\" \/>\n<link rel=\"canonical\" href=\"https:\/\/indeapindustrial.com\/index.php\/reembolso_devoluciones\/\" \/>\n<meta property=\"og:locale\" content=\"es_ES\" \/>\n<meta property=\"og:type\" content=\"article\" \/>\n<meta property=\"og:title\" content=\"Pol\u00edtica de Privacidad - Indeap\" \/>\n<meta property=\"og:description\" content=\"POL\u00cdTICA DE PRIVACIDAD DE ELECTRICIDAD INDEAP S.L. En cumplimiento de lo establecido en el Reglamento (UE) 2016\/679 del Parlamento Europeo y del Consejo de 27 de abril de 2016 relativo a la protecci\u00f3n de las personas f\u00edsicas en lo que respecta al tratamiento de datos personales y a la libre circulaci\u00f3n de estos y en [&hellip;]\" \/>\n<meta property=\"og:url\" content=\"https:\/\/indeapindustrial.com\/index.php\/reembolso_devoluciones\/\" \/>\n<meta property=\"og:site_name\" content=\"Indeap\" \/>\n<meta property=\"article:modified_time\" content=\"2023-06-27T09:04:52+00:00\" \/>\n<meta property=\"og:image\" content=\"https:\/\/indeapindustrial.com\/wp-content\/uploads\/2023\/05\/indeap.png\" \/>\n\t<meta property=\"og:image:width\" content=\"305\" \/>\n\t<meta property=\"og:image:height\" content=\"68\" \/>\n\t<meta property=\"og:image:type\" content=\"image\/png\" \/>\n<meta name=\"twitter:card\" content=\"summary_large_image\" \/>\n<meta name=\"twitter:label1\" content=\"Tiempo de lectura\" \/>\n\t<meta name=\"twitter:data1\" content=\"4 minutos\" \/>\n<script type=\"application\/ld+json\" class=\"yoast-schema-graph\">{\"@context\":\"https:\/\/schema.org\",\"@graph\":[{\"@type\":\"WebPage\",\"@id\":\"https:\/\/indeapindustrial.com\/index.php\/reembolso_devoluciones\/\",\"url\":\"https:\/\/indeapindustrial.com\/index.php\/reembolso_devoluciones\/\",\"name\":\"Pol\u00edtica de Privacidad - Indeap\",\"isPartOf\":{\"@id\":\"https:\/\/indeapindustrial.com\/#website\"},\"datePublished\":\"2023-06-20T15:16:30+00:00\",\"dateModified\":\"2023-06-27T09:04:52+00:00\",\"breadcrumb\":{\"@id\":\"https:\/\/indeapindustrial.com\/index.php\/reembolso_devoluciones\/#breadcrumb\"},\"inLanguage\":\"es\",\"potentialAction\":[{\"@type\":\"ReadAction\",\"target\":[\"https:\/\/indeapindustrial.com\/index.php\/reembolso_devoluciones\/\"]}]},{\"@type\":\"BreadcrumbList\",\"@id\":\"https:\/\/indeapindustrial.com\/index.php\/reembolso_devoluciones\/#breadcrumb\",\"itemListElement\":[{\"@type\":\"ListItem\",\"position\":1,\"name\":\"Portada\",\"item\":\"https:\/\/indeapindustrial.com\/\"},{\"@type\":\"ListItem\",\"position\":2,\"name\":\"Pol\u00edtica de Privacidad\"}]},{\"@type\":\"WebSite\",\"@id\":\"https:\/\/indeapindustrial.com\/#website\",\"url\":\"https:\/\/indeapindustrial.com\/\",\"name\":\"Indeapindustrial\",\"description\":\"Especialista Instalaciones El\u00e9ctricas\",\"publisher\":{\"@id\":\"https:\/\/indeapindustrial.com\/#organization\"},\"alternateName\":\"indeap\",\"potentialAction\":[{\"@type\":\"SearchAction\",\"target\":{\"@type\":\"EntryPoint\",\"urlTemplate\":\"https:\/\/indeapindustrial.com\/?s={search_term_string}\"},\"query-input\":\"required name=search_term_string\"}],\"inLanguage\":\"es\"},{\"@type\":\"Organization\",\"@id\":\"https:\/\/indeapindustrial.com\/#organization\",\"name\":\"Indeapindustrial\",\"url\":\"https:\/\/indeapindustrial.com\/\",\"logo\":{\"@type\":\"ImageObject\",\"inLanguage\":\"es\",\"@id\":\"https:\/\/indeapindustrial.com\/#\/schema\/logo\/image\/\",\"url\":\"https:\/\/indeapindustrial.com\/wp-content\/uploads\/2023\/05\/cropped-indeap.png\",\"contentUrl\":\"https:\/\/indeapindustrial.com\/wp-content\/uploads\/2023\/05\/cropped-indeap.png\",\"width\":683,\"height\":250,\"caption\":\"Indeapindustrial\"},\"image\":{\"@id\":\"https:\/\/indeapindustrial.com\/#\/schema\/logo\/image\/\"}}]}<\/script>\n<!-- \/ Yoast SEO plugin. -->","yoast_head_json":{"title":"Pol\u00edtica de Privacidad - Indeap","robots":{"index":"index","follow":"follow","max-snippet":"max-snippet:-1","max-image-preview":"max-image-preview:large","max-video-preview":"max-video-preview:-1"},"canonical":"https:\/\/indeapindustrial.com\/index.php\/reembolso_devoluciones\/","og_locale":"es_ES","og_type":"article","og_title":"Pol\u00edtica de Privacidad - Indeap","og_description":"POL\u00cdTICA DE PRIVACIDAD DE ELECTRICIDAD INDEAP S.L. En cumplimiento de lo establecido en el Reglamento (UE) 2016\/679 del Parlamento Europeo y del Consejo de 27 de abril de 2016 relativo a la protecci\u00f3n de las personas f\u00edsicas en lo que respecta al tratamiento de datos personales y a la libre circulaci\u00f3n de estos y en [&hellip;]","og_url":"https:\/\/indeapindustrial.com\/index.php\/reembolso_devoluciones\/","og_site_name":"Indeap","article_modified_time":"2023-06-27T09:04:52+00:00","og_image":[{"width":305,"height":68,"url":"https:\/\/indeapindustrial.com\/wp-content\/uploads\/2023\/05\/indeap.png","type":"image\/png"}],"twitter_card":"summary_large_image","twitter_misc":{"Tiempo de lectura":"4 minutos"},"schema":{"@context":"https:\/\/schema.org","@graph":[{"@type":"WebPage","@id":"https:\/\/indeapindustrial.com\/index.php\/reembolso_devoluciones\/","url":"https:\/\/indeapindustrial.com\/index.php\/reembolso_devoluciones\/","name":"Pol\u00edtica de Privacidad - Indeap","isPartOf":{"@id":"https:\/\/indeapindustrial.com\/#website"},"datePublished":"2023-06-20T15:16:30+00:00","dateModified":"2023-06-27T09:04:52+00:00","breadcrumb":{"@id":"https:\/\/indeapindustrial.com\/index.php\/reembolso_devoluciones\/#breadcrumb"},"inLanguage":"es","potentialAction":[{"@type":"ReadAction","target":["https:\/\/indeapindustrial.com\/index.php\/reembolso_devoluciones\/"]}]},{"@type":"BreadcrumbList","@id":"https:\/\/indeapindustrial.com\/index.php\/reembolso_devoluciones\/#breadcrumb","itemListElement":[{"@type":"ListItem","position":1,"name":"Portada","item":"https:\/\/indeapindustrial.com\/"},{"@type":"ListItem","position":2,"name":"Pol\u00edtica de Privacidad"}]},{"@type":"WebSite","@id":"https:\/\/indeapindustrial.com\/#website","url":"https:\/\/indeapindustrial.com\/","name":"Indeapindustrial","description":"Especialista Instalaciones El\u00e9ctricas","publisher":{"@id":"https:\/\/indeapindustrial.com\/#organization"},"alternateName":"indeap","potentialAction":[{"@type":"SearchAction","target":{"@type":"EntryPoint","urlTemplate":"https:\/\/indeapindustrial.com\/?s={search_term_string}"},"query-input":"required name=search_term_string"}],"inLanguage":"es"},{"@type":"Organization","@id":"https:\/\/indeapindustrial.com\/#organization","name":"Indeapindustrial","url":"https:\/\/indeapindustrial.com\/","logo":{"@type":"ImageObject","inLanguage":"es","@id":"https:\/\/indeapindustrial.com\/#\/schema\/logo\/image\/","url":"https:\/\/indeapindustrial.com\/wp-content\/uploads\/2023\/05\/cropped-indeap.png","contentUrl":"https:\/\/indeapindustrial.com\/wp-content\/uploads\/2023\/05\/cropped-indeap.png","width":683,"height":250,"caption":"Indeapindustrial"},"image":{"@id":"https:\/\/indeapindustrial.com\/#\/schema\/logo\/image\/"}}]}},"_links":{"self":[{"href":"https:\/\/indeapindustrial.com\/index.php\/wp-json\/wp\/v2\/pages\/3348"}],"collection":[{"href":"https:\/\/indeapindustrial.com\/index.php\/wp-json\/wp\/v2\/pages"}],"about":[{"href":"https:\/\/indeapindustrial.com\/index.php\/wp-json\/wp\/v2\/types\/page"}],"author":[{"embeddable":true,"href":"https:\/\/indeapindustrial.com\/index.php\/wp-json\/wp\/v2\/users\/1"}],"replies":[{"embeddable":true,"href":"https:\/\/indeapindustrial.com\/index.php\/wp-json\/wp\/v2\/comments?post=3348"}],"version-history":[{"count":13,"href":"https:\/\/indeapindustrial.com\/index.php\/wp-json\/wp\/v2\/pages\/3348\/revisions"}],"predecessor-version":[{"id":3513,"href":"https:\/\/indeapindustrial.com\/index.php\/wp-json\/wp\/v2\/pages\/3348\/revisions\/3513"}],"wp:attachment":[{"href":"https:\/\/indeapindustrial.com\/index.php\/wp-json\/wp\/v2\/media?parent=3348"}],"curies":[{"name":"wp","href":"https:\/\/api.w.org\/{rel}","templated":true}]}}