{"id":2740,"date":"2020-08-20T07:28:16","date_gmt":"2020-08-20T07:28:16","guid":{"rendered":"http:\/\/july.commonsupport.com\/electman\/?page_id=8"},"modified":"2023-06-06T13:35:45","modified_gmt":"2023-06-06T11:35:45","slug":"le-asesoramos-sobre-las-distintas-opciones-para-su-nueva-instalacion","status":"publish","type":"page","link":"https:\/\/indeapindustrial.com\/index.php\/le-asesoramos-sobre-las-distintas-opciones-para-su-nueva-instalacion\/","title":{"rendered":"Servicios"},"content":{"rendered":"\t\t<div data-elementor-type=\"wp-page\" data-elementor-id=\"2740\" class=\"elementor elementor-2740\">\n\t\t\t\t\t\t\t\t\t<section class=\"elementor-section elementor-top-section elementor-element elementor-element-a49d192 elementor-section-stretched elementor-section-full_width elementor-section-height-default elementor-section-height-default\" data-id=\"a49d192\" data-element_type=\"section\" data-settings=\"{&quot;stretch_section&quot;:&quot;section-stretched&quot;}\">\n\t\t\t\t\t\t<div class=\"elementor-container elementor-column-gap-no\">\n\t\t\t\t\t<div class=\"elementor-column elementor-col-100 elementor-top-column elementor-element elementor-element-7a4ffcda\" data-id=\"7a4ffcda\" data-element_type=\"column\">\n\t\t\t<div class=\"elementor-widget-wrap elementor-element-populated\">\n\t\t\t\t\t\t\t\t<div class=\"elementor-element elementor-element-b4d2e8a elementor-widget elementor-widget-electman_theme_slider2\" data-id=\"b4d2e8a\" data-element_type=\"widget\" data-widget_type=\"electman_theme_slider2.default\">\n\t\t\t\t<div class=\"elementor-widget-container\">\n\t\t\t\t\t\n\n\t <script>\n jQuery(document).ready(function($) {\n\n\/\/put the js code under this line \n\n\t\tif ($(\".theme_carousel\").length) {\n\t\t\t$(\".theme_carousel\").each(function (index) {\n\t\t\tvar $owlAttr = {},\n\t\t\t$extraAttr = $(this).data(\"options\");\n\t\t\t$.extend($owlAttr, $extraAttr);\n\t\t\t$(this).owlCarousel($owlAttr);\n\t\t});\n\t}\n\n\/\/put the code above the line \n\n  });\n<\/script>\t\t\n\t\t\n\t\t<!-- Banner Section -->\n\t\t<section class=\" banner-section banner-two\">\n\t\t\t<div class=\"banner-carousel theme_carousel owl-theme owl-carousel\" data-options='{\"loop\": true, \"margin\": 0, \"autoheight\":true, \"lazyload\":true, \"nav\": true, \"dots\": true, \"autoplay\": true, \"autoplayTimeout\": 6000, \"smartSpeed\": 300, \"responsive\":{ \"0\" :{ \"items\": \"1\" }, \"768\" :{ \"items\" : \"1\" } , \"1000\":{ \"items\" : \"1\" }}}'>\n\t\t\t\t<!-- Slide Item -->\n\t\t\t\t\n\t\t\t\t\t\t\t\t\n\t\t\t\t<div class=\"slide-item\">\n\t\t\t\t\t<div class=\"image-layer\" style=\"background-image:url('https:\/\/indeapindustrial.com\/wp-content\/uploads\/2020\/11\/v2-1-2.jpg')\"><\/div>\n\t\t\t\t\t<div class=\"auto-container\">\n\t\t\t\t\t\t<div class=\"content-box\">\n\t\t\t\t\t\t\t<div class=\"content\">\n\t\t\t\t\t\t\t\t<div class=\"inner\">\n\t\t\t\t\t\t\t\t\t<div class=\"subtitle-2\">\n\t\t\t\t\t\t\t\t\t\t<span class=\"txt\">TU PROVEEDOR DE CONFIANZA<\/span> \n\t\t\t\t\t\t\t\t\t  \n\t\t\t\t\t\t\t\t\t\t<div class=\"bottom-dots clearfix\">\n\t\t\t\t\t\t\t\t\t\t\t<span class=\"dot line-dot\"><\/span>\n\t\t\t\t\t\t\t\t\t\t\t<span class=\"dot\"><\/span>\n\t\t\t\t\t\t\t\t\t\t\t<span class=\"dot\"><\/span>\n\t\t\t\t\t\t\t\t\t\t\t<span class=\"dot\"><\/span>\n\t\t\t\t\t\t\t\t\t\t<\/div>\n\t\t\t\t\t\t\t\t\t<\/div>\n\t\t\t\t\t\t\t\t\t<h1>Reparaciones  El\u00e9ctricas \n<span class=\"slide_text\"><br>\nEn tu hogar<\/span><\/h1>\n\t\t\t\t\t\t\t\t\t<div class=\"text\">Le ofrecemos un servicio personalizado, adecu\u00e1ndonos a sus necesidades.\n\nNuestros t\u00e9cnicos le asesorar\u00e1n en todo momento, sobre las diferentes opciones y posibilidades, para su nueva instalaci\u00f3n, legalizaci\u00f3n o reforma.<\/div>\n\t\t\t\t\t\t\t\t\t<div class=\"links-box\"><a href=\"\" class=\"theme-btn btn-style-four\"><div class=\"btn-title\"><span class=\"btn-txt\"><\/span><span class=\"btn-icon\"><span class=\"icon flaticon-arrows-11\"><\/span> <\/span><\/div><\/a><\/div>\n\t\t\t\t\t\t\t\t<\/div>\n\t\t\t\t\t\t\t<\/div>\n\t\t\t\t\t\t<\/div>  \n\t\t\t\t\t<\/div>\n\t\t\t\t<\/div>\n\t\t\t\t\n\t\t\t\t\t\t\t\t\n\t\t\t\t<div class=\"slide-item\">\n\t\t\t\t\t<div class=\"image-layer\" style=\"background-image:url('https:\/\/indeapindustrial.com\/wp-content\/uploads\/2020\/11\/v2-3-1.jpg')\"><\/div>\n\t\t\t\t\t<div class=\"auto-container\">\n\t\t\t\t\t\t<div class=\"content-box\">\n\t\t\t\t\t\t\t<div class=\"content\">\n\t\t\t\t\t\t\t\t<div class=\"inner\">\n\t\t\t\t\t\t\t\t\t<div class=\"subtitle-2\">\n\t\t\t\t\t\t\t\t\t\t<span class=\"txt\">TU PROVEEDOR DE CONFIANZA<\/span> \n\t\t\t\t\t\t\t\t\t  \n\t\t\t\t\t\t\t\t\t\t<div class=\"bottom-dots clearfix\">\n\t\t\t\t\t\t\t\t\t\t\t<span class=\"dot line-dot\"><\/span>\n\t\t\t\t\t\t\t\t\t\t\t<span class=\"dot\"><\/span>\n\t\t\t\t\t\t\t\t\t\t\t<span class=\"dot\"><\/span>\n\t\t\t\t\t\t\t\t\t\t\t<span class=\"dot\"><\/span>\n\t\t\t\t\t\t\t\t\t\t<\/div>\n\t\t\t\t\t\t\t\t\t<\/div>\n\t\t\t\t\t\t\t\t\t<h1>Instalaciones El\u00e9ctricas<br> Oficinas y Comercios.<\/h1>\n\t\t\t\t\t\t\t\t\t<div class=\"text\">Dise\u00f1amos, construimos y legalizamos su instalaci\u00f3n el\u00e9ctrica de principio a fin. Ofreci\u00e9ndole proyectos  \u201cllave en mano\u201d<\/div>\n\t\t\t\t\t\t\t\t\t<div class=\"links-box\"><a href=\"\" class=\"theme-btn btn-style-four\"><div class=\"btn-title\"><span class=\"btn-txt\"><\/span><span class=\"btn-icon\"><span class=\"icon flaticon-arrows-11\"><\/span> <\/span><\/div><\/a><\/div>\n\t\t\t\t\t\t\t\t<\/div>\n\t\t\t\t\t\t\t<\/div>\n\t\t\t\t\t\t<\/div>  \n\t\t\t\t\t<\/div>\n\t\t\t\t<\/div>\n\t\t\t\t\n\t\t\t\t\t\t\t\t\n\t\t\t\t<div class=\"slide-item\">\n\t\t\t\t\t<div class=\"image-layer\" style=\"background-image:url('https:\/\/indeapindustrial.com\/wp-content\/uploads\/2020\/11\/v2-2-1.jpg')\"><\/div>\n\t\t\t\t\t<div class=\"auto-container\">\n\t\t\t\t\t\t<div class=\"content-box\">\n\t\t\t\t\t\t\t<div class=\"content\">\n\t\t\t\t\t\t\t\t<div class=\"inner\">\n\t\t\t\t\t\t\t\t\t<div class=\"subtitle-2\">\n\t\t\t\t\t\t\t\t\t\t<span class=\"txt\">TU PROVEEDOR DE CONFIANZA<\/span> \n\t\t\t\t\t\t\t\t\t  \n\t\t\t\t\t\t\t\t\t\t<div class=\"bottom-dots clearfix\">\n\t\t\t\t\t\t\t\t\t\t\t<span class=\"dot line-dot\"><\/span>\n\t\t\t\t\t\t\t\t\t\t\t<span class=\"dot\"><\/span>\n\t\t\t\t\t\t\t\t\t\t\t<span class=\"dot\"><\/span>\n\t\t\t\t\t\t\t\t\t\t\t<span class=\"dot\"><\/span>\n\t\t\t\t\t\t\t\t\t\t<\/div>\n\t\t\t\t\t\t\t\t\t<\/div>\n\t\t\t\t\t\t\t\t\t<h1>Instalaciones el\u00e9ctricas<br> En el Sector industrial<\/h1>\n\t\t\t\t\t\t\t\t\t<div class=\"text\">\nLas Instalaciones el\u00e9ctricas Industriales, conllevan una responsabilidad a\u00f1adida, por la peligrosidad de su manipulaci\u00f3n. Lo cual implica, que s\u00f3lo empresas como Indeap, puedan afrontar su instalaci\u00f3n, dise\u00f1o y mantenimiento de Instalaciones el\u00e9ctricas.<\/div>\n\t\t\t\t\t\t\t\t\t<div class=\"links-box\"><a href=\"\" class=\"theme-btn btn-style-four\"><div class=\"btn-title\"><span class=\"btn-txt\"><\/span><span class=\"btn-icon\"><span class=\"icon flaticon-arrows-11\"><\/span> <\/span><\/div><\/a><\/div>\n\t\t\t\t\t\t\t\t<\/div>\n\t\t\t\t\t\t\t<\/div>\n\t\t\t\t\t\t<\/div>  \n\t\t\t\t\t<\/div>\n\t\t\t\t<\/div>\n\t\t\t\t\n\t\t\t\t\n\t\t\t<\/div>\n\t\t<\/section>\n\t\t<!--End Banner Section -->\n            \n\t\t\t\t<\/div>\n\t\t\t\t<\/div>\n\t\t\t\t\t<\/div>\n\t\t<\/div>\n\t\t\t\t\t\t\t<\/div>\n\t\t<\/section>\n\t\t\t\t<section class=\"elementor-section elementor-top-section elementor-element elementor-element-45a5b8e7 elementor-section-stretched elementor-section-full_width elementor-section-height-default elementor-section-height-default\" data-id=\"45a5b8e7\" data-element_type=\"section\" data-settings=\"{&quot;stretch_section&quot;:&quot;section-stretched&quot;,&quot;background_background&quot;:&quot;classic&quot;}\">\n\t\t\t\t\t\t<div class=\"elementor-container elementor-column-gap-no\">\n\t\t\t\t\t<div class=\"elementor-column elementor-col-100 elementor-top-column elementor-element elementor-element-3f3d93ac\" data-id=\"3f3d93ac\" data-element_type=\"column\">\n\t\t\t<div class=\"elementor-widget-wrap elementor-element-populated\">\n\t\t\t\t\t\t\t\t<div class=\"elementor-element elementor-element-75e3ed70 elementor-widget elementor-widget-electman_address2\" data-id=\"75e3ed70\" data-element_type=\"widget\" data-widget_type=\"electman_address2.default\">\n\t\t\t\t<div class=\"elementor-widget-container\">\n\t\t\t\n\t\t<section class=\" address\">\n\t\t\t<div class=\"auto-container\">\n\t\t\t\t<div class=\"row\">\n\t\t\t\t\n\t\t\t\t\t\t\t\t\t\n\t\t\t\t\t<div class=\"col-xl-4 col-lg-6 col-sm-12 wow  animated\" data-wow-delay=\"200ms\" data-wow-duration=\"1200ms\" style=\"visibility: visible; animation-duration: 1200ms; animation-delay: 200ms;\">\n\t\t\t\t\t\t<div class=\"item\">\n\t\t\t\t\t\t\t<div class=\"icon\"><span class=\"fas  flaticon-location\"><\/span><\/div>\n\t\t\t\t\t\t\t<h2>Abiertos <\/h2>\n\t\t\t\t\t\t\t<p>De Lunes a Viernes de 7:00-15:00<\/p>\n\t\t\t\t\t\t\t<div class=\"link-btn\"><a href=\"\"><span class=\"fas fa-plus\"><\/span><\/a><\/div>\n\t\t\t\t\t\t<\/div>\n\t\t\t\t\t<\/div>\n\t\t\t\t\t\n\t\t\t\t\t\t\t\t\t\n\t\t\t\t\t<div class=\"col-xl-4 col-lg-6 col-sm-12 wow  animated\" data-wow-delay=\"200ms\" data-wow-duration=\"1200ms\" style=\"visibility: visible; animation-duration: 1200ms; animation-delay: 200ms;\">\n\t\t\t\t\t\t<div class=\"item\">\n\t\t\t\t\t\t\t<div class=\"icon\"><span class=\"fas  flaticon-worker\"><\/span><\/div>\n\t\t\t\t\t\t\t<h2>Nuestras oficinas<\/h2>\n\t\t\t\t\t\t\t<p>Paseo de la Ribera, 4, 50015, Zaragoza<\/p>\n\t\t\t\t\t\t\t<div class=\"link-btn\"><a href=\"\"><span class=\"fas fa-plus\"><\/span><\/a><\/div>\n\t\t\t\t\t\t<\/div>\n\t\t\t\t\t<\/div>\n\t\t\t\t\t\n\t\t\t\t\t\t\t\t\t\n\t\t\t\t\t<div class=\"col-xl-4 col-lg-6 col-sm-12 wow  animated\" data-wow-delay=\"200ms\" data-wow-duration=\"1200ms\" style=\"visibility: visible; animation-duration: 1200ms; animation-delay: 200ms;\">\n\t\t\t\t\t\t<div class=\"item\">\n\t\t\t\t\t\t\t<div class=\"icon\"><span class=\"fas  flaticon-telephone\"><\/span><\/div>\n\t\t\t\t\t\t\t<h2>Ll\u00e1manos hoy<\/h2>\n\t\t\t\t\t\t\t<p>+34 976 52 86 44<\/p>\n\t\t\t\t\t\t\t<div class=\"link-btn\"><a href=\"\"><span class=\"fas fa-plus\"><\/span><\/a><\/div>\n\t\t\t\t\t\t<\/div>\n\t\t\t\t\t<\/div>\n\t\t\t\t\t\n\t\t\t\t\t\t\t\t\t\t\n\t\t\t\t<\/div>\n\t\t\t<\/div>\n\t\t<\/section>\n            \n\t\t\t\t<\/div>\n\t\t\t\t<\/div>\n\t\t\t\t\t<\/div>\n\t\t<\/div>\n\t\t\t\t\t\t\t<\/div>\n\t\t<\/section>\n\t\t\t\t\t\t\t<\/div>\n\t\t","protected":false},"excerpt":{"rendered":"<p>TU PROVEEDOR DE CONFIANZA Reparaciones El\u00e9ctricas En tu hogar Le ofrecemos un servicio personalizado, adecu\u00e1ndonos a sus necesidades. Nuestros t\u00e9cnicos le asesorar\u00e1n en todo momento, sobre las diferentes opciones y posibilidades, para su nueva instalaci\u00f3n, legalizaci\u00f3n o reforma. TU PROVEEDOR DE CONFIANZA Instalaciones El\u00e9ctricas Oficinas y Comercios. Dise\u00f1amos, construimos y legalizamos su instalaci\u00f3n el\u00e9ctrica de [&hellip;]<\/p>\n","protected":false},"author":1,"featured_media":0,"parent":0,"menu_order":0,"comment_status":"closed","ping_status":"closed","template":"tpl-default-elementor.php","meta":[],"yoast_head":"<!-- This site is optimized with the Yoast SEO plugin v20.9 - https:\/\/yoast.com\/wordpress\/plugins\/seo\/ -->\n<title>Servicios personalizados, adapt\u00e1ndonos a sus necesidades.<\/title>\n<meta name=\"description\" content=\"Dise\u00f1amos, construimos y legalizamos su instalaci\u00f3n el\u00e9ctrica de principio a fin. Ofreci\u00e9ndole proyectos \u201cllave en mano\u201d\" \/>\n<meta name=\"robots\" content=\"index, follow, max-snippet:-1, max-image-preview:large, max-video-preview:-1\" \/>\n<link rel=\"canonical\" href=\"https:\/\/indeapindustrial.com\/index.php\/le-asesoramos-sobre-las-distintas-opciones-para-su-nueva-instalacion\/\" \/>\n<meta property=\"og:locale\" content=\"es_ES\" \/>\n<meta property=\"og:type\" content=\"article\" \/>\n<meta property=\"og:title\" content=\"Servicios personalizados, adapt\u00e1ndonos a sus necesidades.\" \/>\n<meta property=\"og:description\" content=\"Dise\u00f1amos, construimos y legalizamos su instalaci\u00f3n el\u00e9ctrica de principio a fin. Ofreci\u00e9ndole proyectos \u201cllave en mano\u201d\" \/>\n<meta property=\"og:url\" content=\"https:\/\/indeapindustrial.com\/index.php\/le-asesoramos-sobre-las-distintas-opciones-para-su-nueva-instalacion\/\" \/>\n<meta property=\"og:site_name\" content=\"Indeap\" \/>\n<meta property=\"article:modified_time\" content=\"2023-06-06T11:35:45+00:00\" \/>\n<meta property=\"og:image\" content=\"https:\/\/indeapindustrial.com\/wp-content\/uploads\/2023\/05\/indeap.png\" \/>\n\t<meta property=\"og:image:width\" content=\"305\" \/>\n\t<meta property=\"og:image:height\" content=\"68\" \/>\n\t<meta property=\"og:image:type\" content=\"image\/png\" \/>\n<meta name=\"twitter:card\" content=\"summary_large_image\" \/>\n<meta name=\"twitter:label1\" content=\"Tiempo de lectura\" \/>\n\t<meta name=\"twitter:data1\" content=\"1 minuto\" \/>\n<script type=\"application\/ld+json\" class=\"yoast-schema-graph\">{\"@context\":\"https:\/\/schema.org\",\"@graph\":[{\"@type\":\"WebPage\",\"@id\":\"https:\/\/indeapindustrial.com\/index.php\/le-asesoramos-sobre-las-distintas-opciones-para-su-nueva-instalacion\/\",\"url\":\"https:\/\/indeapindustrial.com\/index.php\/le-asesoramos-sobre-las-distintas-opciones-para-su-nueva-instalacion\/\",\"name\":\"Servicios personalizados, adapt\u00e1ndonos a sus necesidades.\",\"isPartOf\":{\"@id\":\"https:\/\/indeapindustrial.com\/#website\"},\"datePublished\":\"2020-08-20T07:28:16+00:00\",\"dateModified\":\"2023-06-06T11:35:45+00:00\",\"description\":\"Dise\u00f1amos, construimos y legalizamos su instalaci\u00f3n el\u00e9ctrica de principio a fin. Ofreci\u00e9ndole proyectos \u201cllave en mano\u201d\",\"breadcrumb\":{\"@id\":\"https:\/\/indeapindustrial.com\/index.php\/le-asesoramos-sobre-las-distintas-opciones-para-su-nueva-instalacion\/#breadcrumb\"},\"inLanguage\":\"es\",\"potentialAction\":[{\"@type\":\"ReadAction\",\"target\":[\"https:\/\/indeapindustrial.com\/index.php\/le-asesoramos-sobre-las-distintas-opciones-para-su-nueva-instalacion\/\"]}]},{\"@type\":\"BreadcrumbList\",\"@id\":\"https:\/\/indeapindustrial.com\/index.php\/le-asesoramos-sobre-las-distintas-opciones-para-su-nueva-instalacion\/#breadcrumb\",\"itemListElement\":[{\"@type\":\"ListItem\",\"position\":1,\"name\":\"Portada\",\"item\":\"https:\/\/indeapindustrial.com\/\"},{\"@type\":\"ListItem\",\"position\":2,\"name\":\"Servicios\"}]},{\"@type\":\"WebSite\",\"@id\":\"https:\/\/indeapindustrial.com\/#website\",\"url\":\"https:\/\/indeapindustrial.com\/\",\"name\":\"Indeapindustrial\",\"description\":\"Especialista Instalaciones El\u00e9ctricas\",\"publisher\":{\"@id\":\"https:\/\/indeapindustrial.com\/#organization\"},\"alternateName\":\"indeap\",\"potentialAction\":[{\"@type\":\"SearchAction\",\"target\":{\"@type\":\"EntryPoint\",\"urlTemplate\":\"https:\/\/indeapindustrial.com\/?s={search_term_string}\"},\"query-input\":\"required name=search_term_string\"}],\"inLanguage\":\"es\"},{\"@type\":\"Organization\",\"@id\":\"https:\/\/indeapindustrial.com\/#organization\",\"name\":\"Indeapindustrial\",\"url\":\"https:\/\/indeapindustrial.com\/\",\"logo\":{\"@type\":\"ImageObject\",\"inLanguage\":\"es\",\"@id\":\"https:\/\/indeapindustrial.com\/#\/schema\/logo\/image\/\",\"url\":\"https:\/\/indeapindustrial.com\/wp-content\/uploads\/2023\/05\/cropped-indeap.png\",\"contentUrl\":\"https:\/\/indeapindustrial.com\/wp-content\/uploads\/2023\/05\/cropped-indeap.png\",\"width\":683,\"height\":250,\"caption\":\"Indeapindustrial\"},\"image\":{\"@id\":\"https:\/\/indeapindustrial.com\/#\/schema\/logo\/image\/\"}}]}<\/script>\n<!-- \/ Yoast SEO plugin. -->","yoast_head_json":{"title":"Servicios personalizados, adapt\u00e1ndonos a sus necesidades.","description":"Dise\u00f1amos, construimos y legalizamos su instalaci\u00f3n el\u00e9ctrica de principio a fin. Ofreci\u00e9ndole proyectos \u201cllave en mano\u201d","robots":{"index":"index","follow":"follow","max-snippet":"max-snippet:-1","max-image-preview":"max-image-preview:large","max-video-preview":"max-video-preview:-1"},"canonical":"https:\/\/indeapindustrial.com\/index.php\/le-asesoramos-sobre-las-distintas-opciones-para-su-nueva-instalacion\/","og_locale":"es_ES","og_type":"article","og_title":"Servicios personalizados, adapt\u00e1ndonos a sus necesidades.","og_description":"Dise\u00f1amos, construimos y legalizamos su instalaci\u00f3n el\u00e9ctrica de principio a fin. Ofreci\u00e9ndole proyectos \u201cllave en mano\u201d","og_url":"https:\/\/indeapindustrial.com\/index.php\/le-asesoramos-sobre-las-distintas-opciones-para-su-nueva-instalacion\/","og_site_name":"Indeap","article_modified_time":"2023-06-06T11:35:45+00:00","og_image":[{"width":305,"height":68,"url":"https:\/\/indeapindustrial.com\/wp-content\/uploads\/2023\/05\/indeap.png","type":"image\/png"}],"twitter_card":"summary_large_image","twitter_misc":{"Tiempo de lectura":"1 minuto"},"schema":{"@context":"https:\/\/schema.org","@graph":[{"@type":"WebPage","@id":"https:\/\/indeapindustrial.com\/index.php\/le-asesoramos-sobre-las-distintas-opciones-para-su-nueva-instalacion\/","url":"https:\/\/indeapindustrial.com\/index.php\/le-asesoramos-sobre-las-distintas-opciones-para-su-nueva-instalacion\/","name":"Servicios personalizados, adapt\u00e1ndonos a sus necesidades.","isPartOf":{"@id":"https:\/\/indeapindustrial.com\/#website"},"datePublished":"2020-08-20T07:28:16+00:00","dateModified":"2023-06-06T11:35:45+00:00","description":"Dise\u00f1amos, construimos y legalizamos su instalaci\u00f3n el\u00e9ctrica de principio a fin. Ofreci\u00e9ndole proyectos \u201cllave en mano\u201d","breadcrumb":{"@id":"https:\/\/indeapindustrial.com\/index.php\/le-asesoramos-sobre-las-distintas-opciones-para-su-nueva-instalacion\/#breadcrumb"},"inLanguage":"es","potentialAction":[{"@type":"ReadAction","target":["https:\/\/indeapindustrial.com\/index.php\/le-asesoramos-sobre-las-distintas-opciones-para-su-nueva-instalacion\/"]}]},{"@type":"BreadcrumbList","@id":"https:\/\/indeapindustrial.com\/index.php\/le-asesoramos-sobre-las-distintas-opciones-para-su-nueva-instalacion\/#breadcrumb","itemListElement":[{"@type":"ListItem","position":1,"name":"Portada","item":"https:\/\/indeapindustrial.com\/"},{"@type":"ListItem","position":2,"name":"Servicios"}]},{"@type":"WebSite","@id":"https:\/\/indeapindustrial.com\/#website","url":"https:\/\/indeapindustrial.com\/","name":"Indeapindustrial","description":"Especialista Instalaciones El\u00e9ctricas","publisher":{"@id":"https:\/\/indeapindustrial.com\/#organization"},"alternateName":"indeap","potentialAction":[{"@type":"SearchAction","target":{"@type":"EntryPoint","urlTemplate":"https:\/\/indeapindustrial.com\/?s={search_term_string}"},"query-input":"required name=search_term_string"}],"inLanguage":"es"},{"@type":"Organization","@id":"https:\/\/indeapindustrial.com\/#organization","name":"Indeapindustrial","url":"https:\/\/indeapindustrial.com\/","logo":{"@type":"ImageObject","inLanguage":"es","@id":"https:\/\/indeapindustrial.com\/#\/schema\/logo\/image\/","url":"https:\/\/indeapindustrial.com\/wp-content\/uploads\/2023\/05\/cropped-indeap.png","contentUrl":"https:\/\/indeapindustrial.com\/wp-content\/uploads\/2023\/05\/cropped-indeap.png","width":683,"height":250,"caption":"Indeapindustrial"},"image":{"@id":"https:\/\/indeapindustrial.com\/#\/schema\/logo\/image\/"}}]}},"_links":{"self":[{"href":"https:\/\/indeapindustrial.com\/index.php\/wp-json\/wp\/v2\/pages\/2740"}],"collection":[{"href":"https:\/\/indeapindustrial.com\/index.php\/wp-json\/wp\/v2\/pages"}],"about":[{"href":"https:\/\/indeapindustrial.com\/index.php\/wp-json\/wp\/v2\/types\/page"}],"author":[{"embeddable":true,"href":"https:\/\/indeapindustrial.com\/index.php\/wp-json\/wp\/v2\/users\/1"}],"replies":[{"embeddable":true,"href":"https:\/\/indeapindustrial.com\/index.php\/wp-json\/wp\/v2\/comments?post=2740"}],"version-history":[{"count":22,"href":"https:\/\/indeapindustrial.com\/index.php\/wp-json\/wp\/v2\/pages\/2740\/revisions"}],"predecessor-version":[{"id":3251,"href":"https:\/\/indeapindustrial.com\/index.php\/wp-json\/wp\/v2\/pages\/2740\/revisions\/3251"}],"wp:attachment":[{"href":"https:\/\/indeapindustrial.com\/index.php\/wp-json\/wp\/v2\/media?parent=2740"}],"curies":[{"name":"wp","href":"https:\/\/api.w.org\/{rel}","templated":true}]}}