{"id":1822,"date":"2020-12-03T06:08:09","date_gmt":"2020-12-03T06:08:09","guid":{"rendered":"http:\/\/july.commonsupport.com\/electman\/?page_id=1822"},"modified":"2023-06-06T13:22:57","modified_gmt":"2023-06-06T11:22:57","slug":"imagenes-de-obras-instalaciones-etc","status":"publish","type":"page","link":"https:\/\/indeapindustrial.com\/index.php\/imagenes-de-obras-instalaciones-etc\/","title":{"rendered":"Galeria"},"content":{"rendered":"\t\t<div data-elementor-type=\"wp-page\" data-elementor-id=\"1822\" class=\"elementor elementor-1822\">\n\t\t\t\t\t\t\t\t\t<section class=\"elementor-section elementor-top-section elementor-element elementor-element-b124cb2 elementor-section-full_width elementor-section-height-default elementor-section-height-default\" data-id=\"b124cb2\" data-element_type=\"section\">\n\t\t\t\t\t\t<div class=\"elementor-container elementor-column-gap-no\">\n\t\t\t\t\t<div class=\"elementor-column elementor-col-100 elementor-top-column elementor-element elementor-element-6445e00\" data-id=\"6445e00\" data-element_type=\"column\">\n\t\t\t<div class=\"elementor-widget-wrap elementor-element-populated\">\n\t\t\t\t\t\t\t\t<div class=\"elementor-element elementor-element-9e11649 elementor-widget elementor-widget-electman_gallery2\" data-id=\"9e11649\" data-element_type=\"widget\" data-widget_type=\"electman_gallery2.default\">\n\t\t\t\t<div class=\"elementor-widget-container\">\n\t\t\t\n\t\t<section class=\"bkr003\">\n\t\t\t<div class=\" gallery-2\">\n\t\t\t\t<div class=\"auto-container\">\n\t\t\t\t\t<div class=\"row clearfix\">\n\t\t\t\t\t\t\t\t\t\t\t\t<div class=\"gallery-block col-md-4 col-sm-6 col-xs-12 wow fadeIn\" data-wow-delay=\"800ms\">\n\t\t\t\t\t\t\t<div class=\"image-box\">\n\t\t\t\t\t\t\t\t<div class=\"image\">\n\t\t\t\t\t\t\t\t\t<a href=\"https:\/\/indeapindustrial.com\/wp-content\/uploads\/2020\/12\/1-1.jpg\" class=\"light-box\" data-fancybox=\"gallery\"><img decoding=\"async\" src=\"https:\/\/indeapindustrial.com\/wp-content\/uploads\/2020\/12\/1-1.jpg\" alt=\"\"><\/a>\n\t\t\t\t\t\t\t\t<\/div>\n\t\t\t\t\t\t\t\t<div class=\"caption-box\">    \n\t\t\t\t\t\t\t\t\t<div class=\"content\">   \n\t\t\t\t\t\t\t\t\t\t<h3><a href=\"\">Electricidad<\/a><\/h3>\n\t\t\t\t\t\t\t\t\t\t<span>CONSTRUCCI\u00d3N<\/span>\n\t\t\t\t\t\t\t\t\t<\/div>\n\t\t\t\t\t\t\t\t<\/div>\n\t\t\t\t\t\t\t<\/div>\n\t\t\t\t\t\t<\/div>\n\t\t\t\t\t\t\t\t\t\t\t\t<div class=\"gallery-block col-md-4 col-sm-6 col-xs-12 wow fadeIn\" data-wow-delay=\"800ms\">\n\t\t\t\t\t\t\t<div class=\"image-box\">\n\t\t\t\t\t\t\t\t<div class=\"image\">\n\t\t\t\t\t\t\t\t\t<a href=\"https:\/\/indeapindustrial.com\/wp-content\/uploads\/2020\/12\/2-1.jpg\" class=\"light-box\" data-fancybox=\"gallery\"><img decoding=\"async\" src=\"https:\/\/indeapindustrial.com\/wp-content\/uploads\/2020\/12\/2-1.jpg\" alt=\"\"><\/a>\n\t\t\t\t\t\t\t\t<\/div>\n\t\t\t\t\t\t\t\t<div class=\"caption-box\">    \n\t\t\t\t\t\t\t\t\t<div class=\"content\">   \n\t\t\t\t\t\t\t\t\t\t<h3><a href=\"\">Electricidad<\/a><\/h3>\n\t\t\t\t\t\t\t\t\t\t<span>CONSTRUCCI\u00d3N<\/span>\n\t\t\t\t\t\t\t\t\t<\/div>\n\t\t\t\t\t\t\t\t<\/div>\n\t\t\t\t\t\t\t<\/div>\n\t\t\t\t\t\t<\/div>\n\t\t\t\t\t\t\t\t\t\t\t\t<div class=\"gallery-block col-md-4 col-sm-6 col-xs-12 wow fadeIn\" data-wow-delay=\"800ms\">\n\t\t\t\t\t\t\t<div class=\"image-box\">\n\t\t\t\t\t\t\t\t<div class=\"image\">\n\t\t\t\t\t\t\t\t\t<a href=\"https:\/\/indeapindustrial.com\/wp-content\/uploads\/2020\/12\/3-1.jpg\" class=\"light-box\" data-fancybox=\"gallery\"><img decoding=\"async\" src=\"https:\/\/indeapindustrial.com\/wp-content\/uploads\/2020\/12\/3-1.jpg\" alt=\"\"><\/a>\n\t\t\t\t\t\t\t\t<\/div>\n\t\t\t\t\t\t\t\t<div class=\"caption-box\">    \n\t\t\t\t\t\t\t\t\t<div class=\"content\">   \n\t\t\t\t\t\t\t\t\t\t<h3><a href=\"\">Climatizaci\u00f3n dom\u00e9stica<\/a><\/h3>\n\t\t\t\t\t\t\t\t\t\t<span>CONSTRUCCI\u00d3N<\/span>\n\t\t\t\t\t\t\t\t\t<\/div>\n\t\t\t\t\t\t\t\t<\/div>\n\t\t\t\t\t\t\t<\/div>\n\t\t\t\t\t\t<\/div>\n\t\t\t\t\t\t\t\t\t\t\t\t<div class=\"gallery-block col-md-4 col-sm-6 col-xs-12 wow fadeIn\" data-wow-delay=\"800ms\">\n\t\t\t\t\t\t\t<div class=\"image-box\">\n\t\t\t\t\t\t\t\t<div class=\"image\">\n\t\t\t\t\t\t\t\t\t<a href=\"https:\/\/indeapindustrial.com\/wp-content\/uploads\/2020\/12\/4-1.jpg\" class=\"light-box\" data-fancybox=\"gallery\"><img decoding=\"async\" src=\"https:\/\/indeapindustrial.com\/wp-content\/uploads\/2020\/12\/4-1.jpg\" alt=\"\"><\/a>\n\t\t\t\t\t\t\t\t<\/div>\n\t\t\t\t\t\t\t\t<div class=\"caption-box\">    \n\t\t\t\t\t\t\t\t\t<div class=\"content\">   \n\t\t\t\t\t\t\t\t\t\t<h3><a href=\"\">Instalaciones<\/a><\/h3>\n\t\t\t\t\t\t\t\t\t\t<span>INDUSTRIAL<\/span>\n\t\t\t\t\t\t\t\t\t<\/div>\n\t\t\t\t\t\t\t\t<\/div>\n\t\t\t\t\t\t\t<\/div>\n\t\t\t\t\t\t<\/div>\n\t\t\t\t\t\t\t\t\t\t\t\t<div class=\"gallery-block col-md-4 col-sm-6 col-xs-12 wow fadeIn\" data-wow-delay=\"800ms\">\n\t\t\t\t\t\t\t<div class=\"image-box\">\n\t\t\t\t\t\t\t\t<div class=\"image\">\n\t\t\t\t\t\t\t\t\t<a href=\"https:\/\/indeapindustrial.com\/wp-content\/uploads\/2020\/12\/5-1.jpg\" class=\"light-box\" data-fancybox=\"gallery\"><img decoding=\"async\" src=\"https:\/\/indeapindustrial.com\/wp-content\/uploads\/2020\/12\/5-1.jpg\" alt=\"\"><\/a>\n\t\t\t\t\t\t\t\t<\/div>\n\t\t\t\t\t\t\t\t<div class=\"caption-box\">    \n\t\t\t\t\t\t\t\t\t<div class=\"content\">   \n\t\t\t\t\t\t\t\t\t\t<h3><a href=\"\">instalaciones el\u00e9ctricas hogar<\/a><\/h3>\n\t\t\t\t\t\t\t\t\t\t<span>CONSTRUCCI\u00d3N<\/span>\n\t\t\t\t\t\t\t\t\t<\/div>\n\t\t\t\t\t\t\t\t<\/div>\n\t\t\t\t\t\t\t<\/div>\n\t\t\t\t\t\t<\/div>\n\t\t\t\t\t\t\t\t\t\t\t\t<div class=\"gallery-block col-md-4 col-sm-6 col-xs-12 wow fadeIn\" data-wow-delay=\"800ms\">\n\t\t\t\t\t\t\t<div class=\"image-box\">\n\t\t\t\t\t\t\t\t<div class=\"image\">\n\t\t\t\t\t\t\t\t\t<a href=\"https:\/\/indeapindustrial.com\/wp-content\/uploads\/2020\/12\/6-1.jpg\" class=\"light-box\" data-fancybox=\"gallery\"><img decoding=\"async\" src=\"https:\/\/indeapindustrial.com\/wp-content\/uploads\/2020\/12\/6-1.jpg\" alt=\"\"><\/a>\n\t\t\t\t\t\t\t\t<\/div>\n\t\t\t\t\t\t\t\t<div class=\"caption-box\">    \n\t\t\t\t\t\t\t\t\t<div class=\"content\">   \n\t\t\t\t\t\t\t\t\t\t<h3><a href=\"\">Instalaciones el\u00e9ctricas<\/a><\/h3>\n\t\t\t\t\t\t\t\t\t\t<span>CONSTRUCCI\u00d3N<\/span>\n\t\t\t\t\t\t\t\t\t<\/div>\n\t\t\t\t\t\t\t\t<\/div>\n\t\t\t\t\t\t\t<\/div>\n\t\t\t\t\t\t<\/div>\n\t\t\t\t\t\t\t\t\t\t\t\t<div class=\"gallery-block col-md-4 col-sm-6 col-xs-12 wow fadeIn\" data-wow-delay=\"800ms\">\n\t\t\t\t\t\t\t<div class=\"image-box\">\n\t\t\t\t\t\t\t\t<div class=\"image\">\n\t\t\t\t\t\t\t\t\t<a href=\"https:\/\/indeapindustrial.com\/wp-content\/uploads\/2020\/12\/7-1.jpg\" class=\"light-box\" data-fancybox=\"gallery\"><img decoding=\"async\" src=\"https:\/\/indeapindustrial.com\/wp-content\/uploads\/2020\/12\/7-1.jpg\" alt=\"\"><\/a>\n\t\t\t\t\t\t\t\t<\/div>\n\t\t\t\t\t\t\t\t<div class=\"caption-box\">    \n\t\t\t\t\t\t\t\t\t<div class=\"content\">   \n\t\t\t\t\t\t\t\t\t\t<h3><a href=\"\">Sistemas de iluminaci\u00f3n<\/a><\/h3>\n\t\t\t\t\t\t\t\t\t\t<span>CONSTRUCCI\u00d3N<\/span>\n\t\t\t\t\t\t\t\t\t<\/div>\n\t\t\t\t\t\t\t\t<\/div>\n\t\t\t\t\t\t\t<\/div>\n\t\t\t\t\t\t<\/div>\n\t\t\t\t\t\t\t\t\t\t\t\t<div class=\"gallery-block col-md-4 col-sm-6 col-xs-12 wow fadeIn\" data-wow-delay=\"800ms\">\n\t\t\t\t\t\t\t<div class=\"image-box\">\n\t\t\t\t\t\t\t\t<div class=\"image\">\n\t\t\t\t\t\t\t\t\t<a href=\"https:\/\/indeapindustrial.com\/wp-content\/uploads\/2020\/12\/8-1.jpg\" class=\"light-box\" data-fancybox=\"gallery\"><img decoding=\"async\" src=\"https:\/\/indeapindustrial.com\/wp-content\/uploads\/2020\/12\/8-1.jpg\" alt=\"\"><\/a>\n\t\t\t\t\t\t\t\t<\/div>\n\t\t\t\t\t\t\t\t<div class=\"caption-box\">    \n\t\t\t\t\t\t\t\t\t<div class=\"content\">   \n\t\t\t\t\t\t\t\t\t\t<h3><a href=\"\">Climatizaci\u00f3n Industrial<\/a><\/h3>\n\t\t\t\t\t\t\t\t\t\t<span>CONSTRUCCI\u00d3N<\/span>\n\t\t\t\t\t\t\t\t\t<\/div>\n\t\t\t\t\t\t\t\t<\/div>\n\t\t\t\t\t\t\t<\/div>\n\t\t\t\t\t\t<\/div>\n\t\t\t\t\t\t\t\t\t\t\t\t<div class=\"gallery-block col-md-4 col-sm-6 col-xs-12 wow fadeIn\" data-wow-delay=\"800ms\">\n\t\t\t\t\t\t\t<div class=\"image-box\">\n\t\t\t\t\t\t\t\t<div class=\"image\">\n\t\t\t\t\t\t\t\t\t<a href=\"https:\/\/indeapindustrial.com\/wp-content\/uploads\/2023\/05\/IMG_2952-scaled-e1685369223881.jpeg\" class=\"light-box\" data-fancybox=\"gallery\"><img decoding=\"async\" src=\"https:\/\/indeapindustrial.com\/wp-content\/uploads\/2023\/05\/IMG_2952-scaled-e1685369223881.jpeg\" alt=\"\"><\/a>\n\t\t\t\t\t\t\t\t<\/div>\n\t\t\t\t\t\t\t\t<div class=\"caption-box\">    \n\t\t\t\t\t\t\t\t\t<div class=\"content\">   \n\t\t\t\t\t\t\t\t\t\t<h3><a href=\"\">Instalaci\u00f3n Industrial<\/a><\/h3>\n\t\t\t\t\t\t\t\t\t\t<span>INDUSTRIA<\/span>\n\t\t\t\t\t\t\t\t\t<\/div>\n\t\t\t\t\t\t\t\t<\/div>\n\t\t\t\t\t\t\t<\/div>\n\t\t\t\t\t\t<\/div>\n\t\t\t\t\t\t\t\t\t\t\t\t<div class=\"gallery-block col-md-3 col-sm-6 col-xs-12 wow fadeIn\" data-wow-delay=\"800ms\">\n\t\t\t\t\t\t\t<div class=\"image-box\">\n\t\t\t\t\t\t\t\t<div class=\"image\">\n\t\t\t\t\t\t\t\t\t<a href=\"https:\/\/indeapindustrial.com\/wp-content\/uploads\/2023\/05\/IMG_1579-scaled-e1685361086835.jpg\" class=\"light-box\" data-fancybox=\"gallery\"><img decoding=\"async\" src=\"https:\/\/indeapindustrial.com\/wp-content\/uploads\/2023\/05\/IMG_1579-scaled-e1685361086835.jpg\" alt=\"\"><\/a>\n\t\t\t\t\t\t\t\t<\/div>\n\t\t\t\t\t\t\t\t<div class=\"caption-box\">    \n\t\t\t\t\t\t\t\t\t<div class=\"content\">   \n\t\t\t\t\t\t\t\t\t\t<h3><a href=\"\">Montaje cuadros el\u00e9ctricos<\/a><\/h3>\n\t\t\t\t\t\t\t\t\t\t<span>INDUSTRIA<\/span>\n\t\t\t\t\t\t\t\t\t<\/div>\n\t\t\t\t\t\t\t\t<\/div>\n\t\t\t\t\t\t\t<\/div>\n\t\t\t\t\t\t<\/div>\n\t\t\t\t\t\t\t\t\t\t\t\t<div class=\"gallery-block col-md-3 col-sm-6 col-xs-12 wow fadeIn\" data-wow-delay=\"800ms\">\n\t\t\t\t\t\t\t<div class=\"image-box\">\n\t\t\t\t\t\t\t\t<div class=\"image\">\n\t\t\t\t\t\t\t\t\t<a href=\"https:\/\/indeapindustrial.com\/wp-content\/uploads\/2023\/05\/IMG_9004-scaled.jpg\" class=\"light-box\" data-fancybox=\"gallery\"><img decoding=\"async\" src=\"https:\/\/indeapindustrial.com\/wp-content\/uploads\/2023\/05\/IMG_9004-scaled.jpg\" alt=\"\"><\/a>\n\t\t\t\t\t\t\t\t<\/div>\n\t\t\t\t\t\t\t\t<div class=\"caption-box\">    \n\t\t\t\t\t\t\t\t\t<div class=\"content\">   \n\t\t\t\t\t\t\t\t\t\t<h3><a href=\"\">Instalaci\u00f3n de L\u00edneas El\u00e9ctricas<\/a><\/h3>\n\t\t\t\t\t\t\t\t\t\t<span>CONSTRUCCI\u00d3N<\/span>\n\t\t\t\t\t\t\t\t\t<\/div>\n\t\t\t\t\t\t\t\t<\/div>\n\t\t\t\t\t\t\t<\/div>\n\t\t\t\t\t\t<\/div>\n\t\t\t\t\t\t\t\t\t\t\t\t<div class=\"gallery-block col-md-3 col-sm-6 col-xs-12 wow fadeIn\" data-wow-delay=\"800ms\">\n\t\t\t\t\t\t\t<div class=\"image-box\">\n\t\t\t\t\t\t\t\t<div class=\"image\">\n\t\t\t\t\t\t\t\t\t<a href=\"https:\/\/indeapindustrial.com\/wp-content\/uploads\/2023\/05\/7821120e-2f80-49dc-8d31-2b67a66958d8-e1685369464849.jpeg\" class=\"light-box\" data-fancybox=\"gallery\"><img decoding=\"async\" src=\"https:\/\/indeapindustrial.com\/wp-content\/uploads\/2023\/05\/7821120e-2f80-49dc-8d31-2b67a66958d8-e1685369464849.jpeg\" alt=\"\"><\/a>\n\t\t\t\t\t\t\t\t<\/div>\n\t\t\t\t\t\t\t\t<div class=\"caption-box\">    \n\t\t\t\t\t\t\t\t\t<div class=\"content\">   \n\t\t\t\t\t\t\t\t\t\t<h3><a href=\"\">Instalaci\u00f3n El\u00e9ctrica Oficinas<\/a><\/h3>\n\t\t\t\t\t\t\t\t\t\t<span>Construcci\u00f3n<\/span>\n\t\t\t\t\t\t\t\t\t<\/div>\n\t\t\t\t\t\t\t\t<\/div>\n\t\t\t\t\t\t\t<\/div>\n\t\t\t\t\t\t<\/div>\n\t\t\t\t\t\t\t\t\t\t\t\t<div class=\"gallery-block col-md-3 col-sm-6 col-xs-12 wow fadeIn\" data-wow-delay=\"800ms\">\n\t\t\t\t\t\t\t<div class=\"image-box\">\n\t\t\t\t\t\t\t\t<div class=\"image\">\n\t\t\t\t\t\t\t\t\t<a href=\"https:\/\/indeapindustrial.com\/wp-content\/uploads\/2023\/05\/IMG_1305-scaled-e1685369543346.jpeg\" class=\"light-box\" data-fancybox=\"gallery\"><img decoding=\"async\" src=\"https:\/\/indeapindustrial.com\/wp-content\/uploads\/2023\/05\/IMG_1305-scaled-e1685369543346.jpeg\" alt=\"\"><\/a>\n\t\t\t\t\t\t\t\t<\/div>\n\t\t\t\t\t\t\t\t<div class=\"caption-box\">    \n\t\t\t\t\t\t\t\t\t<div class=\"content\">   \n\t\t\t\t\t\t\t\t\t\t<h3><a href=\"\">Instalaci\u00f3n de sistemas de autoconsumo<\/a><\/h3>\n\t\t\t\t\t\t\t\t\t\t<span>INDUSTRIAL<\/span>\n\t\t\t\t\t\t\t\t\t<\/div>\n\t\t\t\t\t\t\t\t<\/div>\n\t\t\t\t\t\t\t<\/div>\n\t\t\t\t\t\t<\/div>\n\t\t\t\t\t\t\t\t\t\t\t<\/div>\n\t\t\t\t\t\t\t\t\t<\/div>\n\t\t\t<\/div>\n\t\t<\/section>\n\t\t<!--End Gallery Page Section-->\n            \n\t\t\t\t<\/div>\n\t\t\t\t<\/div>\n\t\t\t\t\t<\/div>\n\t\t<\/div>\n\t\t\t\t\t\t\t<\/div>\n\t\t<\/section>\n\t\t\t\t\t\t\t<\/div>\n\t\t","protected":false},"excerpt":{"rendered":"<p>Electricidad CONSTRUCCI\u00d3N Electricidad CONSTRUCCI\u00d3N Climatizaci\u00f3n dom\u00e9stica CONSTRUCCI\u00d3N Instalaciones INDUSTRIAL instalaciones el\u00e9ctricas hogar CONSTRUCCI\u00d3N Instalaciones el\u00e9ctricas CONSTRUCCI\u00d3N Sistemas de iluminaci\u00f3n CONSTRUCCI\u00d3N Climatizaci\u00f3n Industrial CONSTRUCCI\u00d3N Instalaci\u00f3n Industrial INDUSTRIA Montaje cuadros el\u00e9ctricos INDUSTRIA Instalaci\u00f3n de L\u00edneas El\u00e9ctricas CONSTRUCCI\u00d3N Instalaci\u00f3n El\u00e9ctrica Oficinas Construcci\u00f3n Instalaci\u00f3n de sistemas de autoconsumo INDUSTRIAL<\/p>\n","protected":false},"author":1,"featured_media":0,"parent":0,"menu_order":0,"comment_status":"closed","ping_status":"closed","template":"tpl-default-elementor.php","meta":[],"yoast_head":"<!-- This site is optimized with the Yoast SEO plugin v20.9 - https:\/\/yoast.com\/wordpress\/plugins\/seo\/ -->\n<title>Descubre imagenes de nuestros principales servicios<\/title>\n<meta name=\"description\" content=\"Galer\u00eda de im\u00e1genes en las que aparecen ejemplos de nuestro principales productos y servicios, construcci\u00f3n, industria, hogar, etc.\" \/>\n<meta name=\"robots\" content=\"index, follow, max-snippet:-1, max-image-preview:large, max-video-preview:-1\" \/>\n<link rel=\"canonical\" href=\"https:\/\/indeapindustrial.com\/index.php\/imagenes-de-obras-instalaciones-etc\/\" \/>\n<meta property=\"og:locale\" content=\"es_ES\" \/>\n<meta property=\"og:type\" content=\"article\" \/>\n<meta property=\"og:title\" content=\"Descubre imagenes de nuestros principales servicios\" \/>\n<meta property=\"og:description\" content=\"Galer\u00eda de im\u00e1genes en las que aparecen ejemplos de nuestro principales productos y servicios, construcci\u00f3n, industria, hogar, etc.\" \/>\n<meta property=\"og:url\" content=\"https:\/\/indeapindustrial.com\/index.php\/imagenes-de-obras-instalaciones-etc\/\" \/>\n<meta property=\"og:site_name\" content=\"Indeap\" \/>\n<meta property=\"article:modified_time\" content=\"2023-06-06T11:22:57+00:00\" \/>\n<meta property=\"og:image\" content=\"http:\/\/indeapindustrial.com\/wp-content\/uploads\/2020\/12\/1-1.jpg\" \/>\n<meta name=\"twitter:card\" content=\"summary_large_image\" \/>\n<meta name=\"twitter:label1\" content=\"Tiempo de lectura\" \/>\n\t<meta name=\"twitter:data1\" content=\"3 minutos\" \/>\n<script type=\"application\/ld+json\" class=\"yoast-schema-graph\">{\"@context\":\"https:\/\/schema.org\",\"@graph\":[{\"@type\":\"WebPage\",\"@id\":\"https:\/\/indeapindustrial.com\/index.php\/imagenes-de-obras-instalaciones-etc\/\",\"url\":\"https:\/\/indeapindustrial.com\/index.php\/imagenes-de-obras-instalaciones-etc\/\",\"name\":\"Descubre imagenes de nuestros principales servicios\",\"isPartOf\":{\"@id\":\"https:\/\/indeapindustrial.com\/#website\"},\"datePublished\":\"2020-12-03T06:08:09+00:00\",\"dateModified\":\"2023-06-06T11:22:57+00:00\",\"description\":\"Galer\u00eda de im\u00e1genes en las que aparecen ejemplos de nuestro principales productos y servicios, construcci\u00f3n, industria, hogar, etc.\",\"breadcrumb\":{\"@id\":\"https:\/\/indeapindustrial.com\/index.php\/imagenes-de-obras-instalaciones-etc\/#breadcrumb\"},\"inLanguage\":\"es\",\"potentialAction\":[{\"@type\":\"ReadAction\",\"target\":[\"https:\/\/indeapindustrial.com\/index.php\/imagenes-de-obras-instalaciones-etc\/\"]}]},{\"@type\":\"BreadcrumbList\",\"@id\":\"https:\/\/indeapindustrial.com\/index.php\/imagenes-de-obras-instalaciones-etc\/#breadcrumb\",\"itemListElement\":[{\"@type\":\"ListItem\",\"position\":1,\"name\":\"Portada\",\"item\":\"https:\/\/indeapindustrial.com\/\"},{\"@type\":\"ListItem\",\"position\":2,\"name\":\"Galeria\"}]},{\"@type\":\"WebSite\",\"@id\":\"https:\/\/indeapindustrial.com\/#website\",\"url\":\"https:\/\/indeapindustrial.com\/\",\"name\":\"Indeapindustrial\",\"description\":\"Especialista Instalaciones El\u00e9ctricas\",\"publisher\":{\"@id\":\"https:\/\/indeapindustrial.com\/#organization\"},\"alternateName\":\"indeap\",\"potentialAction\":[{\"@type\":\"SearchAction\",\"target\":{\"@type\":\"EntryPoint\",\"urlTemplate\":\"https:\/\/indeapindustrial.com\/?s={search_term_string}\"},\"query-input\":\"required name=search_term_string\"}],\"inLanguage\":\"es\"},{\"@type\":\"Organization\",\"@id\":\"https:\/\/indeapindustrial.com\/#organization\",\"name\":\"Indeapindustrial\",\"url\":\"https:\/\/indeapindustrial.com\/\",\"logo\":{\"@type\":\"ImageObject\",\"inLanguage\":\"es\",\"@id\":\"https:\/\/indeapindustrial.com\/#\/schema\/logo\/image\/\",\"url\":\"https:\/\/indeapindustrial.com\/wp-content\/uploads\/2023\/05\/cropped-indeap.png\",\"contentUrl\":\"https:\/\/indeapindustrial.com\/wp-content\/uploads\/2023\/05\/cropped-indeap.png\",\"width\":683,\"height\":250,\"caption\":\"Indeapindustrial\"},\"image\":{\"@id\":\"https:\/\/indeapindustrial.com\/#\/schema\/logo\/image\/\"}}]}<\/script>\n<!-- \/ Yoast SEO plugin. -->","yoast_head_json":{"title":"Descubre imagenes de nuestros principales servicios","description":"Galer\u00eda de im\u00e1genes en las que aparecen ejemplos de nuestro principales productos y servicios, construcci\u00f3n, industria, hogar, etc.","robots":{"index":"index","follow":"follow","max-snippet":"max-snippet:-1","max-image-preview":"max-image-preview:large","max-video-preview":"max-video-preview:-1"},"canonical":"https:\/\/indeapindustrial.com\/index.php\/imagenes-de-obras-instalaciones-etc\/","og_locale":"es_ES","og_type":"article","og_title":"Descubre imagenes de nuestros principales servicios","og_description":"Galer\u00eda de im\u00e1genes en las que aparecen ejemplos de nuestro principales productos y servicios, construcci\u00f3n, industria, hogar, etc.","og_url":"https:\/\/indeapindustrial.com\/index.php\/imagenes-de-obras-instalaciones-etc\/","og_site_name":"Indeap","article_modified_time":"2023-06-06T11:22:57+00:00","og_image":[{"url":"http:\/\/indeapindustrial.com\/wp-content\/uploads\/2020\/12\/1-1.jpg"}],"twitter_card":"summary_large_image","twitter_misc":{"Tiempo de lectura":"3 minutos"},"schema":{"@context":"https:\/\/schema.org","@graph":[{"@type":"WebPage","@id":"https:\/\/indeapindustrial.com\/index.php\/imagenes-de-obras-instalaciones-etc\/","url":"https:\/\/indeapindustrial.com\/index.php\/imagenes-de-obras-instalaciones-etc\/","name":"Descubre imagenes de nuestros principales servicios","isPartOf":{"@id":"https:\/\/indeapindustrial.com\/#website"},"datePublished":"2020-12-03T06:08:09+00:00","dateModified":"2023-06-06T11:22:57+00:00","description":"Galer\u00eda de im\u00e1genes en las que aparecen ejemplos de nuestro principales productos y servicios, construcci\u00f3n, industria, hogar, etc.","breadcrumb":{"@id":"https:\/\/indeapindustrial.com\/index.php\/imagenes-de-obras-instalaciones-etc\/#breadcrumb"},"inLanguage":"es","potentialAction":[{"@type":"ReadAction","target":["https:\/\/indeapindustrial.com\/index.php\/imagenes-de-obras-instalaciones-etc\/"]}]},{"@type":"BreadcrumbList","@id":"https:\/\/indeapindustrial.com\/index.php\/imagenes-de-obras-instalaciones-etc\/#breadcrumb","itemListElement":[{"@type":"ListItem","position":1,"name":"Portada","item":"https:\/\/indeapindustrial.com\/"},{"@type":"ListItem","position":2,"name":"Galeria"}]},{"@type":"WebSite","@id":"https:\/\/indeapindustrial.com\/#website","url":"https:\/\/indeapindustrial.com\/","name":"Indeapindustrial","description":"Especialista Instalaciones El\u00e9ctricas","publisher":{"@id":"https:\/\/indeapindustrial.com\/#organization"},"alternateName":"indeap","potentialAction":[{"@type":"SearchAction","target":{"@type":"EntryPoint","urlTemplate":"https:\/\/indeapindustrial.com\/?s={search_term_string}"},"query-input":"required name=search_term_string"}],"inLanguage":"es"},{"@type":"Organization","@id":"https:\/\/indeapindustrial.com\/#organization","name":"Indeapindustrial","url":"https:\/\/indeapindustrial.com\/","logo":{"@type":"ImageObject","inLanguage":"es","@id":"https:\/\/indeapindustrial.com\/#\/schema\/logo\/image\/","url":"https:\/\/indeapindustrial.com\/wp-content\/uploads\/2023\/05\/cropped-indeap.png","contentUrl":"https:\/\/indeapindustrial.com\/wp-content\/uploads\/2023\/05\/cropped-indeap.png","width":683,"height":250,"caption":"Indeapindustrial"},"image":{"@id":"https:\/\/indeapindustrial.com\/#\/schema\/logo\/image\/"}}]}},"_links":{"self":[{"href":"https:\/\/indeapindustrial.com\/index.php\/wp-json\/wp\/v2\/pages\/1822"}],"collection":[{"href":"https:\/\/indeapindustrial.com\/index.php\/wp-json\/wp\/v2\/pages"}],"about":[{"href":"https:\/\/indeapindustrial.com\/index.php\/wp-json\/wp\/v2\/types\/page"}],"author":[{"embeddable":true,"href":"https:\/\/indeapindustrial.com\/index.php\/wp-json\/wp\/v2\/users\/1"}],"replies":[{"embeddable":true,"href":"https:\/\/indeapindustrial.com\/index.php\/wp-json\/wp\/v2\/comments?post=1822"}],"version-history":[{"count":89,"href":"https:\/\/indeapindustrial.com\/index.php\/wp-json\/wp\/v2\/pages\/1822\/revisions"}],"predecessor-version":[{"id":3227,"href":"https:\/\/indeapindustrial.com\/index.php\/wp-json\/wp\/v2\/pages\/1822\/revisions\/3227"}],"wp:attachment":[{"href":"https:\/\/indeapindustrial.com\/index.php\/wp-json\/wp\/v2\/media?parent=1822"}],"curies":[{"name":"wp","href":"https:\/\/api.w.org\/{rel}","templated":true}]}}